{"id":98595,"date":"2025-10-06T13:08:45","date_gmt":"2025-10-06T12:08:46","guid":{"rendered":"https:\/\/forge-de-laguiole.com\/?post_type=product&#038;p=98595"},"modified":"2025-11-04T13:51:28","modified_gmt":"2025-11-04T12:51:28","slug":"duo-set-mammut-elfenbein","status":"publish","type":"product","link":"https:\/\/forge-de-laguiole.com\/de\/produit\/couteaux\/offre-speciale\/duo-set-mammut-elfenbein\/","title":{"rendered":"Duo-Set aus mammut elfenbein"},"content":{"rendered":"<h3>Eine einzigartige Schatulle aus Mammutelfenbein !<\/h3>\n<p>Dieses 12 cm lange Taschenmesser und dieses Sommeliermesser, Forge de Laguiole COLLECTION \u2013 Ausgabe 2025, haben einen Griff aus mammut elfenbein mit finish gl\u00e4nzend. Das taschenmesser hat einen Vollgriff aus mammut elfenbein, eine Klinge aus rostfreiem Damaststahl, oben und unten ziselierte platten sowie eine handguillochierte Biene und Feder. Das Sommeliermesser verf\u00fcgt ebenfalls \u00fcber eine handguillochierte Biene, Feder und Platten sowie eine Hebels mit elegantem Motiv. Die Box wird durch ein schwarzes Lederetui erg\u00e4nzt.<\/p>\n<p>Sets profitieren Sie zudem von einem attraktiven Vorteilspreis.<\/p>\n<p style=\"-webkit-text-size-adjust: auto;\" data-start=\"609\" data-end=\"849\">\u00a0<\/p>\n<p style=\"-webkit-text-size-adjust: auto;\" data-start=\"851\" data-end=\"999\">Das Sommeliermesser entstand in Zusammenarbeit mit professionellen Sommeliers \u2013 das verleiht ihm seine besondere Ergonomie, Eleganz und Effizienz. Die konische Spirale des Korkenziehers, mit 5 Windungen, optimiert seine Funktionalit\u00e4t, auch f\u00fcr die manchmal leicht zerbrechlichen Korken der feinsten Vintage Weine.<\/p>\n<p style=\"-webkit-text-size-adjust: auto;\" data-start=\"1001\" data-end=\"1184\">Unsere Messer von Forge de Laguiole werden bis heute in unserer Messerschmiede in Laguiole, Aubrac, in traditioneller Handarbeit gefertigt \u2013 eine Kunst, die seit 1828 gepflegt wird.<\/p>\n<p style=\"-webkit-text-size-adjust: auto;\" data-start=\"1186\" data-end=\"1410\">Der Griff dieses Messers aus schwarzem kamelknochen ist ein Material nat\u00fcrlichen Ursprungs. Da die meisten der verwendeten Materialien nat\u00fcrlichen Ursprungs sind, ist es m\u00f6glich, dass ihr Aussehen von Artikel zu Artikel unterschiedlich ist (Farbe, \u00c4derung, Maserung). Die Fotos auf unserem offiziellen online Shop sind nicht vertraglich bindend.<\/p>\n<p>&nbsp;<\/p>\n<p><em>Diese Sets sind in insgesamt neun verschiedenen Materialien erh\u00e4ltlich \u2013 jedes mit eigener Pers\u00f6nlichkeit und gefertigt mit der kompromisslosen Sorgfalt und Handwerkskunst, f\u00fcr die Forge de Laguiole steht.<\/em><\/p>\n","protected":false},"excerpt":{"rendered":"<p>Duo-Set: Klappmesser 12 cm + Sommeliermesser, mit Gravur des Hebels, mit Griff aus mammut elfenbein, finish glanzend , mit schwarzem Lederscheide.<\/p>\n","protected":false},"featured_media":98548,"template":"","meta":[],"product_cat":[96,1284],"product_tag":[],"_links":{"self":[{"href":"https:\/\/forge-de-laguiole.com\/de\/wp-json\/wp\/v2\/product\/98595"}],"collection":[{"href":"https:\/\/forge-de-laguiole.com\/de\/wp-json\/wp\/v2\/product"}],"about":[{"href":"https:\/\/forge-de-laguiole.com\/de\/wp-json\/wp\/v2\/types\/product"}],"wp:featuredmedia":[{"embeddable":true,"href":"https:\/\/forge-de-laguiole.com\/de\/wp-json\/wp\/v2\/media\/98548"}],"wp:attachment":[{"href":"https:\/\/forge-de-laguiole.com\/de\/wp-json\/wp\/v2\/media?parent=98595"}],"wp:term":[{"taxonomy":"product_cat","embeddable":true,"href":"https:\/\/forge-de-laguiole.com\/de\/wp-json\/wp\/v2\/product_cat?post=98595"},{"taxonomy":"product_tag","embeddable":true,"href":"https:\/\/forge-de-laguiole.com\/de\/wp-json\/wp\/v2\/product_tag?post=98595"}],"curies":[{"name":"wp","href":"https:\/\/api.w.org\/{rel}","templated":true}]}}