{"id":98571,"date":"2025-10-06T10:20:11","date_gmt":"2025-10-06T09:20:12","guid":{"rendered":"https:\/\/forge-de-laguiole.com\/?post_type=product&#038;p=98571"},"modified":"2025-11-03T11:52:15","modified_gmt":"2025-11-03T10:52:15","slug":"duo-set-wacholder","status":"publish","type":"product","link":"https:\/\/forge-de-laguiole.com\/de\/produit\/couteaux\/offre-speciale\/duo-set-wacholder\/","title":{"rendered":"Duo-Set aus Wacholder"},"content":{"rendered":"<h3>Ein Set ganz in Wacholder!<\/h3>\n<p>&nbsp;<\/p>\n<p>Dieses 12 cm lange Taschenmesser und das Sommeliermesser der Serie Forge de Laguiole TRADITION begeistern mit Griffen aus Wacholder. Beide St\u00fccke verf\u00fcgen \u00fcber Edelstahlbacken und eine satiniert Oberfl\u00e4che. Erg\u00e4nzt wird das Set durch ein passendes schwarzem Lederetui. Beim Kauf dieses Sets profitieren Sie zudem von einem attraktiven Vorteilspreis.<\/p>\n<p style=\"-webkit-text-size-adjust: auto;\" data-start=\"609\" data-end=\"849\">Die Klingen werden aus franz\u00f6sischem Stahl (T14) geschmiedet, der exklusiv f\u00fcr Forge de Laguiole\u00ae entwickelt wurde. Dadurch erhalten sie eine au\u00dfergew\u00f6hnlich scharfe und langlebige Schneide \u2013 ohne Kompromisse bei der Stabilit\u00e4t.\u00a0<\/p>\n<p style=\"-webkit-text-size-adjust: auto;\" data-start=\"851\" data-end=\"999\">Das Sommeliermesser entstand in Zusammenarbeit mit professionellen Sommeliers \u2013 das verleiht ihm seine besondere Ergonomie, Eleganz und Effizienz. Die konische Spirale des Korkenziehers, mit 5 Windungen, optimiert seine Funktionalit\u00e4t, auch f\u00fcr die manchmal leicht zerbrechlichen Korken der feinsten Vintage Weine.<\/p>\n<p style=\"-webkit-text-size-adjust: auto;\" data-start=\"1001\" data-end=\"1184\">Unsere Messer von Forge de Laguiole werden bis heute in unserer Messerschmiede in Laguiole, Aubrac, in traditioneller Handarbeit gefertigt \u2013 eine Kunst, die seit 1828 gepflegt wird.<\/p>\n<p style=\"-webkit-text-size-adjust: auto;\" data-start=\"1186\" data-end=\"1410\">Der Griff dieses Messers aus wacholder ist ein Material nat\u00fcrlichen Ursprungs. Da die meisten der verwendeten Materialien nat\u00fcrlichen Ursprungs sind, ist es m\u00f6glich, dass ihr Aussehen von Artikel zu Artikel unterschiedlich ist (Farbe, \u00c4derung, Maserung). Die Fotos auf unserem offiziellen online Shop sind nicht vertraglich bindend.<\/p>\n<p>&nbsp;<\/p>\n<p><em>Diese Sets sind in insgesamt neun verschiedenen Materialien erh\u00e4ltlich \u2013 jedes mit eigener Pers\u00f6nlichkeit und gefertigt mit der kompromisslosen Sorgfalt und Handwerkskunst, f\u00fcr die Forge de Laguiole steht.<\/em><\/p>\n","protected":false},"excerpt":{"rendered":"<p>Duo-Set: Klappmesser 12 cm aus wacholder+ Sommeliermesser mit Griff aus wacholder, satiniert Oberfl\u00e4che, mit schwarzem Lederscheide.<\/p>\n","protected":false},"featured_media":98545,"template":"","meta":[],"product_cat":[96,1284],"product_tag":[],"_links":{"self":[{"href":"https:\/\/forge-de-laguiole.com\/de\/wp-json\/wp\/v2\/product\/98571"}],"collection":[{"href":"https:\/\/forge-de-laguiole.com\/de\/wp-json\/wp\/v2\/product"}],"about":[{"href":"https:\/\/forge-de-laguiole.com\/de\/wp-json\/wp\/v2\/types\/product"}],"wp:featuredmedia":[{"embeddable":true,"href":"https:\/\/forge-de-laguiole.com\/de\/wp-json\/wp\/v2\/media\/98545"}],"wp:attachment":[{"href":"https:\/\/forge-de-laguiole.com\/de\/wp-json\/wp\/v2\/media?parent=98571"}],"wp:term":[{"taxonomy":"product_cat","embeddable":true,"href":"https:\/\/forge-de-laguiole.com\/de\/wp-json\/wp\/v2\/product_cat?post=98571"},{"taxonomy":"product_tag","embeddable":true,"href":"https:\/\/forge-de-laguiole.com\/de\/wp-json\/wp\/v2\/product_tag?post=98571"}],"curies":[{"name":"wp","href":"https:\/\/api.w.org\/{rel}","templated":true}]}}