{"id":92399,"date":"2025-05-26T08:07:37","date_gmt":"2025-05-26T07:07:38","guid":{"rendered":"https:\/\/forge-de-laguiole.com\/?post_type=product&#038;p=92399"},"modified":"2025-07-03T08:48:57","modified_gmt":"2025-07-03T07:48:57","slug":"aubrac-transhumance","status":"publish","type":"product","link":"https:\/\/forge-de-laguiole.com\/de\/produit\/couteaux\/pliants\/coutellerie-art\/aubrac-transhumance\/","title":{"rendered":"Massgeschneidertes Taschenmesser, aus Horn der Aubrac-Kuh"},"content":{"rendered":"<p>Die Serie Coutellerie d&#8217;Art Forge de Laguiole\u00ae umfasst die bemerkenswertesten und seltensten St\u00fccke aus unseren Werkst\u00e4tten. Einzigartige St\u00fccke, die das erworbene und \u00fcberlieferte Laguiole Messer Know-how in sich tragen. Au\u00dfergew\u00f6hnliche Kreationen f\u00fcr die Messer Liebhaber.<\/p>\n<p>\nSt\u00e9phane Rambaud wurde 1968 in Lyon geboren. Er wurde an der Ecole de Coutellerie de Nogent ausgebildet, wo er 1987 die Goldmedaille f\u00fcr den besten Lehrling erhielt. Im Sommer 2005 startete er bei Forge de Laguiole. St\u00e9phane Rambaud fertigt au\u00dfergew\u00f6hnliche Messer nach seinen Inspirationen oder auf Wunsch des Kunden.<\/p>\n<p>Jedes Messer aus unserer Coutellerie d&#8217;art Manufaktur wird vollst\u00e4ndig von Hand gefertigt.<\/p>\n<p>\n<\/p>\n<p>Dieses au\u00dfergew\u00f6hnliche Messer ist ein 12 cm langes, einteiliges Modell mit einem vollen Griff aus dem Horn der Aubrac-Kuh. Ein sch\u00f6ner Kuhkopf mit einer Messingglocke und einer Feder, die an das Halsband der K\u00fche erinnert, zieren dieses Messer. Es wurde anl\u00e4sslich der Transhumanz hergestellt, um die Werte und Traditionen unserer Region zu feiern.<\/p>\n<p>Entdecken Sie das Messer mit dem Stierkopf :<\/p>\n","protected":false},"excerpt":{"rendered":"<p>Massgeschneidertes Taschenmesser, aus Horn der Aubrac-Kuh<\/p>\n","protected":false},"featured_media":92403,"template":"","meta":[],"product_cat":[96,104,135],"product_tag":[],"_links":{"self":[{"href":"https:\/\/forge-de-laguiole.com\/de\/wp-json\/wp\/v2\/product\/92399"}],"collection":[{"href":"https:\/\/forge-de-laguiole.com\/de\/wp-json\/wp\/v2\/product"}],"about":[{"href":"https:\/\/forge-de-laguiole.com\/de\/wp-json\/wp\/v2\/types\/product"}],"wp:featuredmedia":[{"embeddable":true,"href":"https:\/\/forge-de-laguiole.com\/de\/wp-json\/wp\/v2\/media\/92403"}],"wp:attachment":[{"href":"https:\/\/forge-de-laguiole.com\/de\/wp-json\/wp\/v2\/media?parent=92399"}],"wp:term":[{"taxonomy":"product_cat","embeddable":true,"href":"https:\/\/forge-de-laguiole.com\/de\/wp-json\/wp\/v2\/product_cat?post=92399"},{"taxonomy":"product_tag","embeddable":true,"href":"https:\/\/forge-de-laguiole.com\/de\/wp-json\/wp\/v2\/product_tag?post=92399"}],"curies":[{"name":"wp","href":"https:\/\/api.w.org\/{rel}","templated":true}]}}