{"id":91848,"date":"2025-04-29T13:44:18","date_gmt":"2025-04-29T12:44:18","guid":{"rendered":"https:\/\/forge-de-laguiole.com\/?post_type=product&#038;p=91848"},"modified":"2026-01-31T15:18:56","modified_gmt":"2026-01-31T14:18:56","slug":"kleines-messer-7cm-olivenholz","status":"publish","type":"product","link":"https:\/\/forge-de-laguiole.com\/de\/produit\/couteaux\/kleines-messer-7cm-olivenholz\/","title":{"rendered":"Taschenmesser, 7cm, Griff aus olivenholz und Mitres aus Messing"},"content":{"rendered":"<p>Dieses Forge de Laguiole\u00ae Taschenmesser mit einem Griff aus elegantem, olivenholz wurde in unserer Manufaktur in Laguiole, Frankreich, handgefertigt, einer Tradition folgend, die bis ins Jahr 1828 zur\u00fcckreicht. Es hat zwei Mitres aus Messing, welche den Griff im t\u00e4glichen Gebrauch sch\u00fctzen. \u00a0Die Griffe werden aus vielen edlen Materialien handgefertigt.<\/p>\n<p>\nDa die meisten der verwendeten Materialien nat\u00fcrlichen Ursprungs sind, ist es m\u00f6glich, dass ihr Aussehen von Artikel zu Artikel unterschiedlich ist (Farbe, \u00c4derung, Maserung). Die Fotos auf unserem offiziellen online Shop sind nicht vertraglich bindend.<\/p>\n<p>\nDie angegebene Gr\u00f6sse entspricht der L\u00e4nge des geschlossenen Messers.<\/p>\n","protected":false},"excerpt":{"rendered":"<p>Taschenmesser, 7 cm, hochglanz poliert mit Griff aus olivenholz und Mitres aus Messing<\/p>\n","protected":false},"featured_media":91852,"template":"","meta":[],"product_cat":[96,1272,1252],"product_tag":[],"_links":{"self":[{"href":"https:\/\/forge-de-laguiole.com\/de\/wp-json\/wp\/v2\/product\/91848"}],"collection":[{"href":"https:\/\/forge-de-laguiole.com\/de\/wp-json\/wp\/v2\/product"}],"about":[{"href":"https:\/\/forge-de-laguiole.com\/de\/wp-json\/wp\/v2\/types\/product"}],"wp:featuredmedia":[{"embeddable":true,"href":"https:\/\/forge-de-laguiole.com\/de\/wp-json\/wp\/v2\/media\/91852"}],"wp:attachment":[{"href":"https:\/\/forge-de-laguiole.com\/de\/wp-json\/wp\/v2\/media?parent=91848"}],"wp:term":[{"taxonomy":"product_cat","embeddable":true,"href":"https:\/\/forge-de-laguiole.com\/de\/wp-json\/wp\/v2\/product_cat?post=91848"},{"taxonomy":"product_tag","embeddable":true,"href":"https:\/\/forge-de-laguiole.com\/de\/wp-json\/wp\/v2\/product_tag?post=91848"}],"curies":[{"name":"wp","href":"https:\/\/api.w.org\/{rel}","templated":true}]}}