{"id":90486,"date":"2025-02-25T08:50:41","date_gmt":"2025-02-25T07:50:44","guid":{"rendered":"https:\/\/forge-de-laguiole.com\/?post_type=product&#038;p=90486"},"modified":"2025-02-25T09:24:36","modified_gmt":"2025-02-25T08:24:36","slug":"taschenmesser-7cm-aluminium-hochglanz","status":"publish","type":"product","link":"https:\/\/forge-de-laguiole.com\/de\/produit\/couteaux\/taschenmesser-7cm-aluminium-hochglanz\/","title":{"rendered":"Taschenmesser, 7cm, Griff aus aluminium hochglanz poliert"},"content":{"rendered":"<p>Dieses Forge de Laguiole\u00ae Taschenmesser mit einem Griff aus elegantem,\u00a0aluminium wurde in unserer Manufaktur in Laguiole, Frankreich, handgefertigt, einer Tradition folgend, die bis ins Jahr 1828 zur\u00fcckreicht. Die Griffe werden aus vielen edlen Materialien handgefertigt.<\/p>\n<p>\nDa die meisten der verwendeten Materialien nat\u00fcrlichen Ursprungs sind, ist es m\u00f6glich, dass ihr Aussehen von Artikel zu Artikel unterschiedlich ist (Farbe, \u00c4derung, Maserung). Die Fotos auf unserem offiziellen online Shop sind nicht vertraglich bindend.<\/p>\n<p>\nDie angegebene Gr\u00f6sse entspricht der L\u00e4nge des geschlossenen Messers.<\/p>\n","protected":false},"excerpt":{"rendered":"<p>Taschenmesser, 7cm, Griff aus aluminium hochglanz poliert<\/p>\n","protected":false},"featured_media":90490,"template":"","meta":[],"product_cat":[96,1272,1252],"product_tag":[],"_links":{"self":[{"href":"https:\/\/forge-de-laguiole.com\/de\/wp-json\/wp\/v2\/product\/90486"}],"collection":[{"href":"https:\/\/forge-de-laguiole.com\/de\/wp-json\/wp\/v2\/product"}],"about":[{"href":"https:\/\/forge-de-laguiole.com\/de\/wp-json\/wp\/v2\/types\/product"}],"wp:featuredmedia":[{"embeddable":true,"href":"https:\/\/forge-de-laguiole.com\/de\/wp-json\/wp\/v2\/media\/90490"}],"wp:attachment":[{"href":"https:\/\/forge-de-laguiole.com\/de\/wp-json\/wp\/v2\/media?parent=90486"}],"wp:term":[{"taxonomy":"product_cat","embeddable":true,"href":"https:\/\/forge-de-laguiole.com\/de\/wp-json\/wp\/v2\/product_cat?post=90486"},{"taxonomy":"product_tag","embeddable":true,"href":"https:\/\/forge-de-laguiole.com\/de\/wp-json\/wp\/v2\/product_tag?post=90486"}],"curies":[{"name":"wp","href":"https:\/\/api.w.org\/{rel}","templated":true}]}}