{"id":89689,"date":"2025-01-27T10:49:23","date_gmt":"2025-01-27T09:49:25","guid":{"rendered":"https:\/\/forge-de-laguiole.com\/?post_type=product&#038;p=89689"},"modified":"2025-08-08T14:48:57","modified_gmt":"2025-08-08T13:48:57","slug":"tafelmesser-finish-glanzend-animalia-6er","status":"publish","type":"product","link":"https:\/\/forge-de-laguiole.com\/de\/produit\/couteaux\/table\/tradi2\/tafelmesser-finish-glanzend-animalia-6er\/","title":{"rendered":"ANIMALIA Tafelmesser, Finish glanzend, 6er Set"},"content":{"rendered":"<p>Dieses Set besteht aus 6 Tafelmesser mit Griffen aus Tiermaterial, hochglanzpoliert.<br \/>\nDieses einzigartige Set besteht aus 6 Tischmessern mit Griffen aus Knochen, Widder, hellem Horn, dunklem Horn, Hirschgeweih und zweifarbigem Kamelknochen.<\/p>\n<p>&nbsp;<\/p>\n<p>Unsere Tafelmesser der Kollektion Tradition sind die perfekte Kombination aus traditioneller Handwerkskunst, Qualit\u00e4t und Raffinesse. Ein Original Forge de Laguiole\u00ae Messer zeichnet sich durch seinen flie\u00dfenden und seidigen Schnitt aus, der den Genuss einer sorgf\u00e4ltig zubereiteten Mahlzeit und eines mit Liebe und Sorgfalt gedeckten Tisches unterstreicht. <\/p>\n<p>Da die meisten der verwendeten Materialien nat\u00fcrlichen Ursprungs sind, ist es m\u00f6glich, dass ihr Aussehen von Artikel zu Artikel unterschiedlich ist (Farbe, \u00c4derung, Maserung). Die Fotos auf unserem offiziellen online Shop sind nicht vertraglich bindend. <\/p>\n<p>Set mit 6 Tafelmesser<\/p>\n<p><em>Personalisieren Sie Ihre Messer mit einer Diamantgravur auf der Klinge.<\/em><\/p>\n","protected":false},"excerpt":{"rendered":"<p>ANIMALIA Tafelmesser, Hochglanz poliert, Set mit 6<\/p>\n","protected":false},"featured_media":89693,"template":"","meta":[],"product_cat":[96,110,50],"product_tag":[],"_links":{"self":[{"href":"https:\/\/forge-de-laguiole.com\/de\/wp-json\/wp\/v2\/product\/89689"}],"collection":[{"href":"https:\/\/forge-de-laguiole.com\/de\/wp-json\/wp\/v2\/product"}],"about":[{"href":"https:\/\/forge-de-laguiole.com\/de\/wp-json\/wp\/v2\/types\/product"}],"wp:featuredmedia":[{"embeddable":true,"href":"https:\/\/forge-de-laguiole.com\/de\/wp-json\/wp\/v2\/media\/89693"}],"wp:attachment":[{"href":"https:\/\/forge-de-laguiole.com\/de\/wp-json\/wp\/v2\/media?parent=89689"}],"wp:term":[{"taxonomy":"product_cat","embeddable":true,"href":"https:\/\/forge-de-laguiole.com\/de\/wp-json\/wp\/v2\/product_cat?post=89689"},{"taxonomy":"product_tag","embeddable":true,"href":"https:\/\/forge-de-laguiole.com\/de\/wp-json\/wp\/v2\/product_tag?post=89689"}],"curies":[{"name":"wp","href":"https:\/\/api.w.org\/{rel}","templated":true}]}}