{"id":88166,"date":"2024-12-05T17:54:13","date_gmt":"2024-12-05T16:54:13","guid":{"rendered":"https:\/\/forge-de-laguiole.com\/?post_type=product&#038;p=88166"},"modified":"2025-07-03T08:49:20","modified_gmt":"2025-07-03T07:49:20","slug":"stabilisiertem-mammutstobzahn","status":"publish","type":"product","link":"https:\/\/forge-de-laguiole.com\/de\/produit\/couteaux\/pliants\/coutellerie-art\/stabilisiertem-mammutstobzahn\/","title":{"rendered":"Massgeschneidertes Taschenmesser, aus stabilisiertem Mammutsto\u00dfzahn"},"content":{"rendered":"<p>Die Serie Coutellerie d&#8217;Art Forge de Laguiole\u00ae umfasst die bemerkenswertesten und seltensten St\u00fccke aus unseren Werkst\u00e4tten. Einzigartige St\u00fccke, die das erworbene und \u00fcberlieferte Laguiole Messer Know-how in sich tragen. Au\u00dfergew\u00f6hnliche Kreationen f\u00fcr die Messer Liebhaber.<\/p>\n<p>\nSt\u00e9phane Rambaud wurde 1968 in Lyon geboren. Er wurde an der Ecole de Coutellerie de Nogent ausgebildet, wo er 1987 die Goldmedaille f\u00fcr den besten Lehrling erhielt. Im Sommer 2005 startete er bei Forge de Laguiole. St\u00e9phane Rambaud fertigt au\u00dfergew\u00f6hnliche Messer nach seinen Inspirationen oder auf Wunsch des Kunden.<\/p>\n<p>Jedes Messer aus unserer Coutellerie d&#8217;art Manufaktur wird vollst\u00e4ndig von Hand gefertigt.<\/p>\n<p>\nDieses au\u00dfergew\u00f6hnliche Messer ist ein 1-teiliges Modell mit einem Griff aus stabilisiertem Mammutsto\u00dfzahn. Eine sch\u00f6ne Biene und ihre gedrehte Feder veredeln dieses Klappmesser.<\/p>\n","protected":false},"excerpt":{"rendered":"<p>Massgeschneidertes Taschenmesser, aus stabilisiertem Mammutsto\u00dfzahn<\/p>\n","protected":false},"featured_media":88523,"template":"","meta":[],"product_cat":[96,104,135],"product_tag":[],"_links":{"self":[{"href":"https:\/\/forge-de-laguiole.com\/de\/wp-json\/wp\/v2\/product\/88166"}],"collection":[{"href":"https:\/\/forge-de-laguiole.com\/de\/wp-json\/wp\/v2\/product"}],"about":[{"href":"https:\/\/forge-de-laguiole.com\/de\/wp-json\/wp\/v2\/types\/product"}],"wp:featuredmedia":[{"embeddable":true,"href":"https:\/\/forge-de-laguiole.com\/de\/wp-json\/wp\/v2\/media\/88523"}],"wp:attachment":[{"href":"https:\/\/forge-de-laguiole.com\/de\/wp-json\/wp\/v2\/media?parent=88166"}],"wp:term":[{"taxonomy":"product_cat","embeddable":true,"href":"https:\/\/forge-de-laguiole.com\/de\/wp-json\/wp\/v2\/product_cat?post=88166"},{"taxonomy":"product_tag","embeddable":true,"href":"https:\/\/forge-de-laguiole.com\/de\/wp-json\/wp\/v2\/product_tag?post=88166"}],"curies":[{"name":"wp","href":"https:\/\/api.w.org\/{rel}","templated":true}]}}