{"id":85344,"date":"2024-09-19T15:04:40","date_gmt":"2024-09-19T14:04:41","guid":{"rendered":"https:\/\/forge-de-laguiole.com\/?post_type=product&#038;p=85344"},"modified":"2024-09-24T10:16:21","modified_gmt":"2024-09-24T09:16:21","slug":"matt-fasseiche","status":"publish","type":"product","link":"https:\/\/forge-de-laguiole.com\/de\/produit\/couteaux\/sommeliers\/collection4\/matt-fasseiche\/","title":{"rendered":"Sommelier Messer, Biene Griff Finish matt mit Griff aus Fasseiche"},"content":{"rendered":"<p>Unsere Kellnermesser der Collection-Serie sind mit der emblematischen geschmiedeten Biene und einer handgearbeiteten Guillochierung verziert. Dieser Hauch von Raffinesse erinnert an das Erbe der au\u00dfergew\u00f6hnlichen Messer. Jedes Motiv, das von unseren Messerschmieden minuti\u00f6s graviert wurde, verleiht jedem St\u00fcck einen einzigartigen Charakter und unterstreicht die Eleganz des Sommeliers.<\/p>\n<p>\nEs bewahrt die Ergonomie der Sommeliermesser Tradition mit einem konischen Korkenzieher mit 5 Windungen, einem sehr widerstandsf\u00e4higen St\u00fctzst\u00fcck und einer scharfen Klinge, um die Kapsel sauber zu schneiden.<\/p>\n<p>\nDie Klinge des Forge de Laguiole\u00ae Sommelier Messers ist geschliffen, was ein sauberes und einfaches Abtrennen der Kapsel erm\u00f6glicht.<\/p>\n<p>&nbsp;<\/p>\n<p>\n<em>Da die meisten der verwendeten Materialien nat\u00fcrlichen Ursprungs sind, ist es m\u00f6glich, dass ihr Aussehen von Artikel zu Artikel unterschiedlich ist (Farbe, \u00c4derung, Maserung). Die Fotos auf unserem offiziellen online Shop sind nicht vertraglich bindend.<\/em><\/p>\n<p>Unsere Sommeliers Messer werden mit einem eleganten Lederetui geliefert.<\/p>\n","protected":false},"excerpt":{"rendered":"<p>Sommelier Messer, Biene Griff Finish matt mit Griff aus Fasseiche<\/p>\n","protected":false},"featured_media":85528,"template":"","meta":[],"product_cat":[106,1264],"product_tag":[],"_links":{"self":[{"href":"https:\/\/forge-de-laguiole.com\/de\/wp-json\/wp\/v2\/product\/85344"}],"collection":[{"href":"https:\/\/forge-de-laguiole.com\/de\/wp-json\/wp\/v2\/product"}],"about":[{"href":"https:\/\/forge-de-laguiole.com\/de\/wp-json\/wp\/v2\/types\/product"}],"wp:featuredmedia":[{"embeddable":true,"href":"https:\/\/forge-de-laguiole.com\/de\/wp-json\/wp\/v2\/media\/85528"}],"wp:attachment":[{"href":"https:\/\/forge-de-laguiole.com\/de\/wp-json\/wp\/v2\/media?parent=85344"}],"wp:term":[{"taxonomy":"product_cat","embeddable":true,"href":"https:\/\/forge-de-laguiole.com\/de\/wp-json\/wp\/v2\/product_cat?post=85344"},{"taxonomy":"product_tag","embeddable":true,"href":"https:\/\/forge-de-laguiole.com\/de\/wp-json\/wp\/v2\/product_tag?post=85344"}],"curies":[{"name":"wp","href":"https:\/\/api.w.org\/{rel}","templated":true}]}}