{"id":84244,"date":"2024-08-21T16:28:51","date_gmt":"2024-08-21T15:28:54","guid":{"rendered":"https:\/\/forge-de-laguiole.com\/?post_type=product&#038;p=84244"},"modified":"2026-03-18T21:28:32","modified_gmt":"2026-03-18T20:28:32","slug":"horn-dunkel-damascus-2","status":"publish","type":"product","link":"https:\/\/forge-de-laguiole.com\/de\/produit\/couteaux\/table\/collection2\/horn-dunkel-damascus-2\/","title":{"rendered":"Tafelmesser zizeliert, mit Griff aus Horn Dunkel damascus blade, 2er Set"},"content":{"rendered":"<p>Die <strong>Tafelmessers Collection Forge de Laguiole<\/strong> hat einen Griff aus Horn Dunkel und ein Finish glanzend mit der handgefertigten Biene und der Feder sowie eine rostfreie Munin-Damastklinge.<\/p>\n<p>Jedes St\u00fcck ist ein wahres Meisterwerk, das Know-how und Exzellenz vereint und ein unvergleichliches kulinarisches Erlebnis bietet. Die Seide und ihre geschmiedete Biene, die vollst\u00e4ndig von Hand ziseliert sind, verk\u00f6rpern Eleganz und Perfektion und symbolisieren die ultimative Raffinesse von Forge de Laguiole.<\/p>\n<p><em>Da die meisten der verwendeten Materialien nat\u00fcrlichen Ursprungs sind, ist es m\u00f6glich, dass ihr Aussehen von Artikel zu Artikel unterschiedlich ist (Farbe, \u00c4derung, Maserung). Die Fotos auf unserem offiziellen online Shop sind nicht vertraglich bindend.<\/em><\/p>\n<p>Set mit 6 Tafelmesser <\/p>\n<p>Auch in einer 2er-Box erh\u00e4ltlich <b> <b><\/b><\/b><\/p>\n","protected":false},"excerpt":{"rendered":"<p>Tafelmesser zizeliert, mit Griff aus Horn Dunkel damascus blade, 2er Set<\/p>\n","protected":false},"featured_media":84247,"template":"","meta":[],"product_cat":[96,110,1267],"product_tag":[],"_links":{"self":[{"href":"https:\/\/forge-de-laguiole.com\/de\/wp-json\/wp\/v2\/product\/84244"}],"collection":[{"href":"https:\/\/forge-de-laguiole.com\/de\/wp-json\/wp\/v2\/product"}],"about":[{"href":"https:\/\/forge-de-laguiole.com\/de\/wp-json\/wp\/v2\/types\/product"}],"wp:featuredmedia":[{"embeddable":true,"href":"https:\/\/forge-de-laguiole.com\/de\/wp-json\/wp\/v2\/media\/84247"}],"wp:attachment":[{"href":"https:\/\/forge-de-laguiole.com\/de\/wp-json\/wp\/v2\/media?parent=84244"}],"wp:term":[{"taxonomy":"product_cat","embeddable":true,"href":"https:\/\/forge-de-laguiole.com\/de\/wp-json\/wp\/v2\/product_cat?post=84244"},{"taxonomy":"product_tag","embeddable":true,"href":"https:\/\/forge-de-laguiole.com\/de\/wp-json\/wp\/v2\/product_tag?post=84244"}],"curies":[{"name":"wp","href":"https:\/\/api.w.org\/{rel}","templated":true}]}}