{"id":82887,"date":"2024-07-16T15:25:14","date_gmt":"2024-07-16T14:25:14","guid":{"rendered":"https:\/\/forge-de-laguiole.com\/?post_type=product&#038;p=82887"},"modified":"2025-05-05T14:01:09","modified_gmt":"2025-05-05T13:01:09","slug":"golfermesser-helles-horn","status":"publish","type":"product","link":"https:\/\/forge-de-laguiole.com\/de\/produit\/couteaux\/speciaux\/couteau-golfeur\/golfermesser-helles-horn\/","title":{"rendered":"Golfermesser aus Helles Horn, Messingkronen"},"content":{"rendered":"<p>Ein unverzichtbares Accessoire f\u00fcr Golfermesser; der Golfermesser von Forge de Laguiole\u00ae ist die Verbindung von traditionellem Messerschmiede Know-how und perfekter Eleganz.<\/p>\n<p>Dieses Messer von Forge de Laguiole ist klein und mit einer Pitchgabel ausgestattet. Es ist sehr n\u00fctzlich auf allen Greens. Mit der Pitchgabel k\u00f6nnen Sie das Loch, das der Ball bei seiner Ankunft auf dem Gr\u00fcn gebildet hat, einfach aufheben.<\/p>\n<p>&nbsp;<\/p>\n<p>Dieser erstklassige Golfermesser wird in einer eleganten Verpackung.<\/p>\n<p>&nbsp;<\/p>\n<p>Da die meisten der verwendeten Materialien nat\u00fcrlichen Ursprungs sind, ist es m\u00f6glich, dass ihr Aussehen von Artikel zu Artikel unterschiedlich ist (Farbe, \u00c4derung, Maserung).<\/p>\n<p>Die Fotos auf unserem offiziellen online Shop sind nicht vertraglich bindend.<\/p>\n","protected":false},"excerpt":{"rendered":"<p>Golfermesser aus Helles Horn, Messingkronen<\/p>\n","protected":false},"featured_media":82890,"template":"","meta":[],"product_cat":[1252,1255],"product_tag":[],"_links":{"self":[{"href":"https:\/\/forge-de-laguiole.com\/de\/wp-json\/wp\/v2\/product\/82887"}],"collection":[{"href":"https:\/\/forge-de-laguiole.com\/de\/wp-json\/wp\/v2\/product"}],"about":[{"href":"https:\/\/forge-de-laguiole.com\/de\/wp-json\/wp\/v2\/types\/product"}],"wp:featuredmedia":[{"embeddable":true,"href":"https:\/\/forge-de-laguiole.com\/de\/wp-json\/wp\/v2\/media\/82890"}],"wp:attachment":[{"href":"https:\/\/forge-de-laguiole.com\/de\/wp-json\/wp\/v2\/media?parent=82887"}],"wp:term":[{"taxonomy":"product_cat","embeddable":true,"href":"https:\/\/forge-de-laguiole.com\/de\/wp-json\/wp\/v2\/product_cat?post=82887"},{"taxonomy":"product_tag","embeddable":true,"href":"https:\/\/forge-de-laguiole.com\/de\/wp-json\/wp\/v2\/product_tag?post=82887"}],"curies":[{"name":"wp","href":"https:\/\/api.w.org\/{rel}","templated":true}]}}