{"id":80063,"date":"2024-04-15T12:51:20","date_gmt":"2024-04-15T11:51:20","guid":{"rendered":"https:\/\/forge-de-laguiole.com\/?post_type=product&#038;p=80063"},"modified":"2024-07-18T09:21:59","modified_gmt":"2024-07-18T08:21:59","slug":"tranchier-besteck-prestige-griffe-aus-ebenholz","status":"publish","type":"product","link":"https:\/\/forge-de-laguiole.com\/de\/produit\/couteaux\/service\/service-a-decouper\/tranchier-besteck-prestige-griffe-aus-ebenholz\/","title":{"rendered":"Tranchier-Besteck Prestige ziseliert Biene Griffe aus Ebenholz, Finish gl\u00e4nzend"},"content":{"rendered":"<p>Dieses Tranchierbesteck Prestige ist einzigartig mit einem gro\u00dfen Klappmesser mit Platinum-Griff aus Messing und einer Gabel.<br \/>\nEin bemerkenswertes Modell, das der Kunst des Servierens und Tranchierens eine neue Dimension verleiht.<\/p>\n<p>\nEbenholz ist ein Edelholz, von dem nur das Kernholz des Ebenholzbaums verwendet wird, der in tropischen Regionen w\u00e4chst. Seine Hauptmerkmale sind seine fast schwarze Farbe und seine hohe Dichte.<br \/>\nDa die meisten der verwendeten Materialien nat\u00fcrlichen Ursprungs sind, kann ihr Aussehen (Farbton, Maserung, K\u00f6rnung) von einem Artikel zum anderen variieren.<\/p>\n<p>\nDieses Set besteht aus einem klappbaren Tranchiermesser mit einer Gesamtl\u00e4nge von 38,50 cm und einer gro\u00dfen Tranchiergabel mit einer Gesamtl\u00e4nge von 28,50 cm.<br \/>\nDie angegebene Gr\u00f6\u00dfe entspricht der L\u00e4nge des geschlossenen Messers.<\/p>\n","protected":false},"excerpt":{"rendered":"<p>Tranchier-Besteck Prestige ziseliert Biene Griffe aus Ebenholz hochglanz poliert<\/p>\n","protected":false},"featured_media":80067,"template":"","meta":[],"product_cat":[96,1023,1161],"product_tag":[],"_links":{"self":[{"href":"https:\/\/forge-de-laguiole.com\/de\/wp-json\/wp\/v2\/product\/80063"}],"collection":[{"href":"https:\/\/forge-de-laguiole.com\/de\/wp-json\/wp\/v2\/product"}],"about":[{"href":"https:\/\/forge-de-laguiole.com\/de\/wp-json\/wp\/v2\/types\/product"}],"wp:featuredmedia":[{"embeddable":true,"href":"https:\/\/forge-de-laguiole.com\/de\/wp-json\/wp\/v2\/media\/80067"}],"wp:attachment":[{"href":"https:\/\/forge-de-laguiole.com\/de\/wp-json\/wp\/v2\/media?parent=80063"}],"wp:term":[{"taxonomy":"product_cat","embeddable":true,"href":"https:\/\/forge-de-laguiole.com\/de\/wp-json\/wp\/v2\/product_cat?post=80063"},{"taxonomy":"product_tag","embeddable":true,"href":"https:\/\/forge-de-laguiole.com\/de\/wp-json\/wp\/v2\/product_tag?post=80063"}],"curies":[{"name":"wp","href":"https:\/\/api.w.org\/{rel}","templated":true}]}}