{"id":78628,"date":"2024-04-03T15:29:25","date_gmt":"2024-04-03T14:29:27","guid":{"rendered":"https:\/\/forge-de-laguiole.com\/?post_type=product&#038;p=78628"},"modified":"2024-04-04T08:47:22","modified_gmt":"2024-04-04T07:47:22","slug":"taschenmesser-ziseliert-biene-vollem-griff-aus-mooreiche-hochglanz","status":"publish","type":"product","link":"https:\/\/forge-de-laguiole.com\/de\/produit\/couteaux\/pliants\/collection1\/taschenmesser-ziseliert-biene-vollem-griff-aus-mooreiche-hochglanz\/","title":{"rendered":"Taschenmesser ziseliert Biene mit vollem Griff aus Mooreiche hochglanz poliert"},"content":{"rendered":"<p>Der Online-Kauf eines personalisierten Forge de Laguiole-Messers ist mit unserem Sammler St\u00fccke-Sortiment m\u00f6glich, es ist die perfekte Darstellung eines au\u00dfergew\u00f6hnlichen Know-hows der Messermacher Tradition, die bis ins Jahr 1828 zur\u00fcckreicht.<\/p>\n<p>\nJedes Messer dieser Forge de Laguiole Kollektion wird von einem unserer Messerschmiede vollst\u00e4ndig von Hand massgefertigt. Die Dekoration der Feder ist mit Feilen und Sticheln guillochiert, eingraviert, was jedes Modell einzigartig macht.<\/p>\n<p>\nDie Biene ist detailliert und pr\u00e4zise bearbeitet. Alle Klingen sind aus rostfreiem Stahl gefertigt, der exklusiv f\u00fcr Forge de Laguiole hergestellt wird; er ist Grundvoraussetzung f\u00fcr ein m\u00fcheloses Sch\u00e4rfen, das eine au\u00dfergew\u00f6hnliche Schnittqualit\u00e4t garantiert.<\/p>\n<p>\nUm Ihr Messer noch weiter nach Ihrem Geschmack zu personalisieren, stehen Ihnen mehrere Otionen zur Verf\u00fcgung (Damast-Klinge, RohStahl-Klinge, Karbon-Klinge, Doppeplatinen um einige zu erw\u00e4hnen.)<\/p>\n<p>\nUm Ihr Messer nach Ma\u00df anzufertigen, kontaktieren Sie uns bitte \u00fcber das Online-Formular, wir werden Sie bei der Ausarbeitung Ihres Traummessers begleiten k\u00f6nnen.<\/p>\n","protected":false},"excerpt":{"rendered":"<p>Taschenmesser ziseliert Biene mit vollem Griff aus Mooreiche hochglanz poliert<\/p>\n","protected":false},"featured_media":78671,"template":"","meta":[],"product_cat":[96,104,133],"product_tag":[],"_links":{"self":[{"href":"https:\/\/forge-de-laguiole.com\/de\/wp-json\/wp\/v2\/product\/78628"}],"collection":[{"href":"https:\/\/forge-de-laguiole.com\/de\/wp-json\/wp\/v2\/product"}],"about":[{"href":"https:\/\/forge-de-laguiole.com\/de\/wp-json\/wp\/v2\/types\/product"}],"wp:featuredmedia":[{"embeddable":true,"href":"https:\/\/forge-de-laguiole.com\/de\/wp-json\/wp\/v2\/media\/78671"}],"wp:attachment":[{"href":"https:\/\/forge-de-laguiole.com\/de\/wp-json\/wp\/v2\/media?parent=78628"}],"wp:term":[{"taxonomy":"product_cat","embeddable":true,"href":"https:\/\/forge-de-laguiole.com\/de\/wp-json\/wp\/v2\/product_cat?post=78628"},{"taxonomy":"product_tag","embeddable":true,"href":"https:\/\/forge-de-laguiole.com\/de\/wp-json\/wp\/v2\/product_tag?post=78628"}],"curies":[{"name":"wp","href":"https:\/\/api.w.org\/{rel}","templated":true}]}}