{"id":77285,"date":"2024-02-21T15:16:45","date_gmt":"2024-02-21T14:16:47","guid":{"rendered":"https:\/\/forge-de-laguiole.com\/?post_type=product&#038;p=77285"},"modified":"2024-07-18T09:16:23","modified_gmt":"2024-07-18T08:16:23","slug":"tafelmesser-und-gabel-hochglanz-poliert-acryl","status":"publish","type":"product","link":"https:\/\/forge-de-laguiole.com\/de\/produit\/couteaux\/art-de-la-table\/coffret\/tafelmesser-und-gabel-hochglanz-poliert-acryl\/","title":{"rendered":"Tafelmesser und Gabel, Finish gl\u00e4nzend  mit Griff aus Acryl"},"content":{"rendered":"<p>Die Serie Tradition Forge de Laguiole\u00ae ist die perfekte Kombination aus handwerklichem K\u00f6nnen und der Raffinesse der Tischkultur. Das Original Forge de Laguiole\u00ae Messer zeichnet sich durch seinen makellosen und flie\u00dfenden Schnitt aus. Zusammen mit seiner Gabel veredelt es Ihren Tisch und l\u00e4sst Ihre Mahlzeit gl\u00e4nzen.<\/p>\n<p>&nbsp;<\/p>\n<p>Dieses Set mit dem Griff aus <strong>acryl<\/strong><b>\u00a0<\/b>und einem hochglanz poliert ist das ideale Geschenk. Diese Produkte werden Sie auf Ihren sch\u00f6nsten Tafeln ebenso begleiten wie bei Ihren t\u00e4glichen Mahlzeiten.<\/p>\n<p>\nDa die meisten der verwendeten Materialien nat\u00fcrlichen Ursprungs sind, ist es m\u00f6glich, dass ihr Aussehen von Artikel zu Artikel unterschiedlich ist (Farbe, \u00c4derung, Maserung). Die Fotos auf unserem offiziellen online Shop sind nicht vertraglich bindend.<\/p>\n<p>&nbsp;<\/p>\n<p>Set mit 1 Tafelmesser und 1 Gabel<\/p>\n","protected":false},"excerpt":{"rendered":"<p>Tafelmesser und Gabel, hochglanz poliert mit Griff aus acryl<\/p>\n","protected":false},"featured_media":77288,"template":"","meta":[],"product_cat":[96,95,1247],"product_tag":[],"_links":{"self":[{"href":"https:\/\/forge-de-laguiole.com\/de\/wp-json\/wp\/v2\/product\/77285"}],"collection":[{"href":"https:\/\/forge-de-laguiole.com\/de\/wp-json\/wp\/v2\/product"}],"about":[{"href":"https:\/\/forge-de-laguiole.com\/de\/wp-json\/wp\/v2\/types\/product"}],"wp:featuredmedia":[{"embeddable":true,"href":"https:\/\/forge-de-laguiole.com\/de\/wp-json\/wp\/v2\/media\/77288"}],"wp:attachment":[{"href":"https:\/\/forge-de-laguiole.com\/de\/wp-json\/wp\/v2\/media?parent=77285"}],"wp:term":[{"taxonomy":"product_cat","embeddable":true,"href":"https:\/\/forge-de-laguiole.com\/de\/wp-json\/wp\/v2\/product_cat?post=77285"},{"taxonomy":"product_tag","embeddable":true,"href":"https:\/\/forge-de-laguiole.com\/de\/wp-json\/wp\/v2\/product_tag?post=77285"}],"curies":[{"name":"wp","href":"https:\/\/api.w.org\/{rel}","templated":true}]}}