{"id":74396,"date":"2023-12-05T14:58:48","date_gmt":"2023-12-05T13:58:50","guid":{"rendered":"https:\/\/forge-de-laguiole.com\/?post_type=product&#038;p=74396"},"modified":"2024-12-16T13:26:35","modified_gmt":"2024-12-16T12:26:35","slug":"tafelmesser-gabel-satiniert-mit-griff-aus-wacholder","status":"publish","type":"product","link":"https:\/\/forge-de-laguiole.com\/de\/produit\/couteaux\/art-de-la-table\/coffret\/tafelmesser-gabel-satiniert-mit-griff-aus-wacholder\/","title":{"rendered":"Tafelmesser und Gabel, Finish matt mit Griff aus Wacholder"},"content":{"rendered":"<p>Die Serie Tradition Forge de Laguiole\u00ae ist die perfekte Kombination aus handwerklichem K\u00f6nnen und der Raffinesse der Tischkultur. Das Original Forge de Laguiole\u00ae Messer zeichnet sich durch seinen makellosen und flie\u00dfenden Schnitt aus. Zusammen mit seiner Gabel veredelt es Ihren Tisch und l\u00e4sst Ihre Mahlzeit gl\u00e4nzen. <\/p>\n<p>Da die meisten der verwendeten Materialien nat\u00fcrlichen Ursprungs sind, ist es m\u00f6glich, dass ihr Aussehen von Artikel zu Artikel unterschiedlich ist (Farbe, \u00c4derung, Maserung). Die Fotos auf unserem offiziellen online Shop sind nicht vertraglich bindend. <b> <b><\/b><\/b><\/p>\n","protected":false},"excerpt":{"rendered":"<p>Tafelmesser und Gabel, satiniert mit Griff aus Wacholder<\/p>\n","protected":false},"featured_media":74399,"template":"","meta":[],"product_cat":[96,95,1247],"product_tag":[],"_links":{"self":[{"href":"https:\/\/forge-de-laguiole.com\/de\/wp-json\/wp\/v2\/product\/74396"}],"collection":[{"href":"https:\/\/forge-de-laguiole.com\/de\/wp-json\/wp\/v2\/product"}],"about":[{"href":"https:\/\/forge-de-laguiole.com\/de\/wp-json\/wp\/v2\/types\/product"}],"wp:featuredmedia":[{"embeddable":true,"href":"https:\/\/forge-de-laguiole.com\/de\/wp-json\/wp\/v2\/media\/74399"}],"wp:attachment":[{"href":"https:\/\/forge-de-laguiole.com\/de\/wp-json\/wp\/v2\/media?parent=74396"}],"wp:term":[{"taxonomy":"product_cat","embeddable":true,"href":"https:\/\/forge-de-laguiole.com\/de\/wp-json\/wp\/v2\/product_cat?post=74396"},{"taxonomy":"product_tag","embeddable":true,"href":"https:\/\/forge-de-laguiole.com\/de\/wp-json\/wp\/v2\/product_tag?post=74396"}],"curies":[{"name":"wp","href":"https:\/\/api.w.org\/{rel}","templated":true}]}}