{"id":71680,"date":"2023-09-20T09:19:19","date_gmt":"2023-09-20T08:19:20","guid":{"rendered":"https:\/\/forge-de-laguiole.com\/?post_type=product&#038;p=71680"},"modified":"2023-11-09T17:36:42","modified_gmt":"2023-11-09T16:36:42","slug":"leon-tafelmesser-satiniert-poliert-mit-griff-aus-schwarzer-gepresster-verbundfaser","status":"publish","type":"product","link":"https:\/\/forge-de-laguiole.com\/de\/produit\/couteaux\/leon-tafelmesser-satiniert-poliert-mit-griff-aus-schwarzer-gepresster-verbundfaser\/","title":{"rendered":"Leon Tafelmesser, Satiniert poliert mit Griff aus schwarzer gepresster Verbundfaser, 6er Set"},"content":{"rendered":"<p>Tafelmesser \u00abL\u00e9on\u00bb mit Griff aus gepresster Verbundfaser. Der leichte, abgeschr\u00e4gte Griff liegt gut und angenehm in der Hand.<\/p>\n<p>\u00abWir wollten ein schlichtes Tafelmesser entwerfen. Getreu nach der Tradition von Forge de Laguiole ist das Leon Messer ein Dialog zwischen der Moderne und der alten Welt \u2013 und authentisch<br \/>\nzugleich\u00bb<br \/>\nDie Inspiration stammt aus dem Herzen des alten K\u00f6nigreichs Le\u00f3n, wo sich die kleine Stadt Jim\u00e9nez de Jamuz befindet. Dort gibt es in den Lehmboden gegrabene H\u00f6hlen, die \u00abBodegas\u00bb<br \/>\ngenannt werden, ein gem\u00fctlicher Ort, an dem man sich mit Familien und Freunden trifft. Die ber\u00fchmteste ist die <a href=\"https:\/\/bodegaelcapricho.com\/fr\/\" rel=\"nofollow noopener\" target=\"_blank\">Bodega El Capricho<\/a>, die Jos\u00e9 Gordon geh\u00f6rt. Von seinen Gro\u00dfeltern<br \/>\ngeerbt, verwandelte Jos\u00e9 diesen Ort in einen Tempel des Rindfleischs. Der nahe gelegene und sch\u00fctzende Berg Teleno bewacht pr\u00e4historische Sch\u00e4tze und in den Fels gehauene Labyrinthe<\/p>\n<p>Set mit 6 Tafelmesser<\/p>\n","protected":false},"excerpt":{"rendered":"<p>Tafelmesser entworfen von Chrisian Ghion, hochglanz polierter, voller Griff in schwarzer pflanzlicher Verbundfaser aus<br \/>\nglatte Feder , Set mit 6<\/p>\n","protected":false},"featured_media":71687,"template":"","meta":[],"product_cat":[96,110,108],"product_tag":[],"_links":{"self":[{"href":"https:\/\/forge-de-laguiole.com\/de\/wp-json\/wp\/v2\/product\/71680"}],"collection":[{"href":"https:\/\/forge-de-laguiole.com\/de\/wp-json\/wp\/v2\/product"}],"about":[{"href":"https:\/\/forge-de-laguiole.com\/de\/wp-json\/wp\/v2\/types\/product"}],"wp:featuredmedia":[{"embeddable":true,"href":"https:\/\/forge-de-laguiole.com\/de\/wp-json\/wp\/v2\/media\/71687"}],"wp:attachment":[{"href":"https:\/\/forge-de-laguiole.com\/de\/wp-json\/wp\/v2\/media?parent=71680"}],"wp:term":[{"taxonomy":"product_cat","embeddable":true,"href":"https:\/\/forge-de-laguiole.com\/de\/wp-json\/wp\/v2\/product_cat?post=71680"},{"taxonomy":"product_tag","embeddable":true,"href":"https:\/\/forge-de-laguiole.com\/de\/wp-json\/wp\/v2\/product_tag?post=71680"}],"curies":[{"name":"wp","href":"https:\/\/api.w.org\/{rel}","templated":true}]}}