{"id":67787,"date":"2023-05-25T10:59:47","date_gmt":"2023-05-25T09:59:48","guid":{"rendered":"https:\/\/forge-de-laguiole.com\/?post_type=product&#038;p=67787"},"modified":"2024-07-21T12:10:22","modified_gmt":"2024-07-21T11:10:22","slug":"brotmesser-hochglanz-poliert-griff-aus-hellem-horn","status":"publish","type":"product","link":"https:\/\/forge-de-laguiole.com\/de\/produit\/couteaux\/service\/couteau-pain\/brotmesser-hochglanz-poliert-griff-aus-hellem-horn\/","title":{"rendered":"Brotmesser Finish gl\u00e4nzend Griff aus Hellem horn"},"content":{"rendered":"<p>Das Brotmesser von Forge de Laguiole\u00ae ist die perfekte Kombination aus traditioneller Handwerkskunst und einem gepflegten Esstisch. Das Forge de Laguiole\u00ae Tranchier-Besteck zeichnet sich durch seinen tadellosen und fl\u00fcssigen Schnitt aus und ist dank seiner mikroverzahnten Klinge ideal f\u00fcr Brot. Es wird Sie den ganzen Tag \u00fcber und bei allen Mahlzeiten begleiten, um gesellige Momente mit der Familie oder mit Freunden zu erleben.<\/p>\n<p>\nDa die meisten der verwendeten Materialien nat\u00fcrlichen Ursprungs sind, ist es wahrscheinlich, dass ihr Aussehen (Farbe, \u00c4derung, Maserung) von einem Artikel zum anderen variiert.<\/p>\n<p>Die angegebene Gr\u00f6\u00dfe des Messers ist seine Gesamtl\u00e4nge.\u00a0<\/p>\n","protected":false},"excerpt":{"rendered":"<p>Brotmesser Forge de Laguiole<\/p>\n<p>Stiel aus Hellem horn<\/p>\n<p>Hochglanz Finish<\/p>\n","protected":false},"featured_media":67791,"template":"","meta":[],"product_cat":[96,1023,1235],"product_tag":[],"_links":{"self":[{"href":"https:\/\/forge-de-laguiole.com\/de\/wp-json\/wp\/v2\/product\/67787"}],"collection":[{"href":"https:\/\/forge-de-laguiole.com\/de\/wp-json\/wp\/v2\/product"}],"about":[{"href":"https:\/\/forge-de-laguiole.com\/de\/wp-json\/wp\/v2\/types\/product"}],"wp:featuredmedia":[{"embeddable":true,"href":"https:\/\/forge-de-laguiole.com\/de\/wp-json\/wp\/v2\/media\/67791"}],"wp:attachment":[{"href":"https:\/\/forge-de-laguiole.com\/de\/wp-json\/wp\/v2\/media?parent=67787"}],"wp:term":[{"taxonomy":"product_cat","embeddable":true,"href":"https:\/\/forge-de-laguiole.com\/de\/wp-json\/wp\/v2\/product_cat?post=67787"},{"taxonomy":"product_tag","embeddable":true,"href":"https:\/\/forge-de-laguiole.com\/de\/wp-json\/wp\/v2\/product_tag?post=67787"}],"curies":[{"name":"wp","href":"https:\/\/api.w.org\/{rel}","templated":true}]}}