{"id":67626,"date":"2023-05-22T14:33:28","date_gmt":"2023-05-22T13:33:29","guid":{"rendered":"https:\/\/forge-de-laguiole.com\/?post_type=product&#038;p=67626"},"modified":"2025-11-26T17:21:15","modified_gmt":"2025-11-26T16:21:15","slug":"kasemesser-roland-barthelemy-aus-olivenholz-2","status":"publish","type":"product","link":"https:\/\/forge-de-laguiole.com\/de\/produit\/couteaux\/service\/couteaux-fromage\/kasemesser-roland-barthelemy-aus-olivenholz-2\/","title":{"rendered":"K\u00e4seset Roland Barth\u00e9lemy aus olivenholz Finish matt"},"content":{"rendered":"<p>Dieses K\u00e4seset Forge de Laguiole\u00ae ist die perfekte Kombination aus handwerklichem K\u00f6nnen und der Raffinesse der Tischkultur, bis hin zu Ihren K\u00e4seplatten.<\/p>\n<p>Es besteht aus einem K\u00e4semesser und einem Fliegenf\u00e4nger.<\/p>\n<p>So liebt es dieses K\u00e4semesser, seine feine Klinge in alle Arten von K\u00e4se zu tauchen. Mit seiner Mikroverzahnung schneidet es selbst durch die h\u00e4rteste K\u00e4semasse, w\u00e4hrend die ausgeh\u00f6hlte Klinge intakt bleibt, wenn sie in den cremigsten K\u00e4sesorten schmilzt.<\/p>\n<p>Mit dem Spie\u00df k\u00f6nnen Sie alle Ihre K\u00e4sesorten perfekt servieren. Aber auch f\u00fcr d\u00fcnne Scheiben von Hartk\u00e4se.<\/p>\n<p>\nDa die meisten der verwendeten Materialien nat\u00fcrlichen Ursprungs sind, kann ihr Aussehen (Farbton, Maserung, K\u00f6rnung) von Artikel zu Artikel variieren. Die Fotos auf dieser Website sind nicht vertraglich bindend.<\/p>\n","protected":false},"excerpt":{"rendered":"<p>K\u00e4seset Roland Barth\u00e9lemy aus Olivenholz<\/p>\n","protected":false},"featured_media":67630,"template":"","meta":[],"product_cat":[96,1023,1149],"product_tag":[],"_links":{"self":[{"href":"https:\/\/forge-de-laguiole.com\/de\/wp-json\/wp\/v2\/product\/67626"}],"collection":[{"href":"https:\/\/forge-de-laguiole.com\/de\/wp-json\/wp\/v2\/product"}],"about":[{"href":"https:\/\/forge-de-laguiole.com\/de\/wp-json\/wp\/v2\/types\/product"}],"wp:featuredmedia":[{"embeddable":true,"href":"https:\/\/forge-de-laguiole.com\/de\/wp-json\/wp\/v2\/media\/67630"}],"wp:attachment":[{"href":"https:\/\/forge-de-laguiole.com\/de\/wp-json\/wp\/v2\/media?parent=67626"}],"wp:term":[{"taxonomy":"product_cat","embeddable":true,"href":"https:\/\/forge-de-laguiole.com\/de\/wp-json\/wp\/v2\/product_cat?post=67626"},{"taxonomy":"product_tag","embeddable":true,"href":"https:\/\/forge-de-laguiole.com\/de\/wp-json\/wp\/v2\/product_tag?post=67626"}],"curies":[{"name":"wp","href":"https:\/\/api.w.org\/{rel}","templated":true}]}}