{"id":58548,"date":"2022-11-17T14:23:17","date_gmt":"2022-11-17T13:23:18","guid":{"rendered":"https:\/\/forge-de-laguiole.com\/?post_type=product&#038;p=58548"},"modified":"2026-01-14T10:40:25","modified_gmt":"2026-01-14T09:40:25","slug":"essgabeln-linie-essentielle-mit-eckigem-griff-finish-glanzend-set-mit-6","status":"publish","type":"product","link":"https:\/\/forge-de-laguiole.com\/de\/produit\/couteaux\/art-de-la-table\/fourchettes\/essgabeln-linie-essentielle-mit-eckigem-griff-finish-glanzend-set-mit-6\/","title":{"rendered":"Essgabeln, Linie Essentielle mit eckigem Griff, Finish gl\u00e4nzend, Set mit 6"},"content":{"rendered":"<p>Diese neue Bestecklinie verspricht ein perfektes Zusammenspiel mit unseren Tafelmessern.<\/p>\n<p>Um diese Pr\u00e4sentation noch zu perfektionieren, bieten wir mit Forge de Laguiole zwei neue elegante Bestecklinien an: Essentielle und Elegance &#8211; aus einem St\u00fcck geschmiedet und aus rostfreiem Stahl. Gabeln, L\u00f6ffel und Kaffeel\u00f6ffel beider Linien harmonisieren perfekt mit unseren Tafelmesser der Linie Tradition und Signature.<\/p>\n<p>\n\u00a0Mit diesen Vorschl\u00e4gen k\u00f6nnen Sie Ihr Besteck an Ihr bevorzugtes Messerset anpassen.\u00a0<\/p>\n<p>&nbsp;<\/p>\n<p>Set mit 6 Gabeln mit abgerundetem Griff<\/p>\n<p>Produkte werden in einer Stoffh\u00fclle geliefert.<\/p>\n<p>Dieses Besteck ist Wasserbest\u00e4ndig.<\/p>\n","protected":false},"excerpt":{"rendered":"<p>Essgabeln, Linie Essentielle mit abgerundetem Griff, Finish gl\u00e4nzend, Set mit 6<\/p>\n","protected":false},"featured_media":58552,"template":"","meta":[],"product_cat":[96,95,1195],"product_tag":[],"_links":{"self":[{"href":"https:\/\/forge-de-laguiole.com\/de\/wp-json\/wp\/v2\/product\/58548"}],"collection":[{"href":"https:\/\/forge-de-laguiole.com\/de\/wp-json\/wp\/v2\/product"}],"about":[{"href":"https:\/\/forge-de-laguiole.com\/de\/wp-json\/wp\/v2\/types\/product"}],"wp:featuredmedia":[{"embeddable":true,"href":"https:\/\/forge-de-laguiole.com\/de\/wp-json\/wp\/v2\/media\/58552"}],"wp:attachment":[{"href":"https:\/\/forge-de-laguiole.com\/de\/wp-json\/wp\/v2\/media?parent=58548"}],"wp:term":[{"taxonomy":"product_cat","embeddable":true,"href":"https:\/\/forge-de-laguiole.com\/de\/wp-json\/wp\/v2\/product_cat?post=58548"},{"taxonomy":"product_tag","embeddable":true,"href":"https:\/\/forge-de-laguiole.com\/de\/wp-json\/wp\/v2\/product_tag?post=58548"}],"curies":[{"name":"wp","href":"https:\/\/api.w.org\/{rel}","templated":true}]}}