{"id":57817,"date":"2022-11-04T11:21:23","date_gmt":"2022-11-04T10:21:23","guid":{"rendered":"https:\/\/forge-de-laguiole.com\/?post_type=product&#038;p=57817"},"modified":"2023-07-25T10:17:05","modified_gmt":"2023-07-25T09:17:05","slug":"tafelmesser-wilmotte-lignac-6er-set","status":"publish","type":"product","link":"https:\/\/forge-de-laguiole.com\/de\/produit\/couteaux\/table\/signature2\/wilmotte\/tafelmesser-wilmotte-lignac-6er-set\/","title":{"rendered":"Tafelmesser von Jean-Michel Wilmotte, f\u00fcr Cyril Lignac mit Griff aus Aluminium, 6er Set"},"content":{"rendered":"<p>Dieses Tafelmesser wurde von dem Designer Jean-Michel Wilmotte f\u00fcr den Chefkoch Cyril Lignac entworfen.<\/p>\n<p>Dieses Messer entstand mit mehreren Vorz\u00fcgen, die es einzigartig machen. Zun\u00e4chst eine Klinge, die nicht auf dem Tisch aufliegt, und dann ein Griff aus Aluminium, um die Reinheit und Tradition der Tischkultur zu symbolisieren.<\/p>\n<p>Ein schlankes, gerades Messer, auf dessen Griff die Biene verfeinert und stilisiert sitzt.<\/p>\n<p>Die zarte Pr\u00e4zision des Kochs in Verbindung mit der Strenge des Architekten erm\u00f6glichten diese zeitgem\u00e4\u00dfe Interpretation des traditionellen Messers aus dem Aveyron.<\/p>\n<p>Das Original Forge de Laguiole\u00ae-Messer zeichnet sich durch seinen makellosen und flie\u00dfenden Schnitt aus. Es veredelt den Genuss einer mit Leidenschaft zubereiteten Mahlzeit.<\/p>\n<p>&nbsp;<\/p>\n<p>&nbsp;<\/p>\n<p>Set mit 6 Messern.<\/p>\n<p><a href=\"https:\/\/forge-de-laguiole.com\/de\/produit\/produkte\/tischmesser\/tischmesser-signature-de\/jean-michel-wilmotte-de\/tafelmesser-von-jean-michel-wilmotte-fur-cyril-lignac-mit-griff-aus-aluminium-2er-set\/\">Erh\u00e4ltlich als Box mit 2 Messern<\/a><\/p>\n<p>&nbsp;<\/p>\n<p>Entdecken Sie die Serie Essentielle, die unser Besteck mit <a href=\"https:\/\/forge-de-laguiole.com\/de\/produit\/produkte\/zubehor\/essgabeln-art-de-la-table\/gabeln-glanzend-mitt-elegance-set-mit-6\/\"><strong>Gabeln<\/strong><\/a>, <a href=\"https:\/\/forge-de-laguiole.com\/de\/produit\/produkte\/zubehor\/loeffel\/kaffeeloeffel-linie-elegance-mit-eckigem-griff-finish-glanzend-set-mit\/\"><strong>Suppenl\u00f6ffeln<\/strong><\/a> und <a href=\"https:\/\/forge-de-laguiole.com\/de\/produit\/produkte\/zubehor\/loeffel\/essloeffel-linie-elegance-mit-eckigem-griff-finish-glanzend-set-mit-6\/\"><strong>Kaffeel\u00f6ffeln<\/strong><\/a> in hochglanzpolierter Ausf\u00fchrung erg\u00e4nzt.<\/p>\n","protected":false},"excerpt":{"rendered":"<p>Dieses Tafelmesser wurde von dem Designer Jean-Michel Wilmotte f\u00fcr den Chefkoch Cyril Lignac entworfen.<\/p>\n","protected":false},"featured_media":57821,"template":"","meta":[],"product_cat":[96,108,101],"product_tag":[],"_links":{"self":[{"href":"https:\/\/forge-de-laguiole.com\/de\/wp-json\/wp\/v2\/product\/57817"}],"collection":[{"href":"https:\/\/forge-de-laguiole.com\/de\/wp-json\/wp\/v2\/product"}],"about":[{"href":"https:\/\/forge-de-laguiole.com\/de\/wp-json\/wp\/v2\/types\/product"}],"wp:featuredmedia":[{"embeddable":true,"href":"https:\/\/forge-de-laguiole.com\/de\/wp-json\/wp\/v2\/media\/57821"}],"wp:attachment":[{"href":"https:\/\/forge-de-laguiole.com\/de\/wp-json\/wp\/v2\/media?parent=57817"}],"wp:term":[{"taxonomy":"product_cat","embeddable":true,"href":"https:\/\/forge-de-laguiole.com\/de\/wp-json\/wp\/v2\/product_cat?post=57817"},{"taxonomy":"product_tag","embeddable":true,"href":"https:\/\/forge-de-laguiole.com\/de\/wp-json\/wp\/v2\/product_tag?post=57817"}],"curies":[{"name":"wp","href":"https:\/\/api.w.org\/{rel}","templated":true}]}}