{"id":52568,"date":"2022-06-28T15:09:54","date_gmt":"2022-06-28T14:09:54","guid":{"rendered":"https:\/\/forge-de-laguiole.com\/?post_type=product&#038;p=52568"},"modified":"2022-11-25T00:02:22","modified_gmt":"2022-11-24T23:02:22","slug":"kaffeeloffeln-hochglanz-poliert-mit-griff-aus-dunklem-horn","status":"publish","type":"product","link":"https:\/\/forge-de-laguiole.com\/de\/produit\/couteaux\/art-de-la-table\/kaffeeloffeln-hochglanz-poliert-mit-griff-aus-dunklem-horn\/","title":{"rendered":"Kaffeel\u00f6ffeln, finish gl\u00e4nzend mit Griff aus dunklem Horn, Set mit 6"},"content":{"rendered":"<p>Unser Sortiment an Forge de Laguiole\u00ae Kaffeel\u00f6ffeln ist die perfekte Erg\u00e4nzung zu Ihren Tafelmessern. Ob f\u00fcr den t\u00e4glichen Gebrauch oder f\u00fcr einen besonderen Anlass, ihre pure Eleganz und Qualit\u00e4t bringen Raffinesse und Authentizit\u00e4t an Ihren Tisch.<\/p>\n<p>Da die meisten der verwendeten Materialien nat\u00fcrlichen Ursprungs sind, ist es m\u00f6glich, dass ihr Aussehen von Artikel zu Artikel unterschiedlich ist (Farbe, \u00c4derung, Maserung). Die Fotos auf dieser Website sind nicht nicht vertraglich bindend.<\/p>\n<p>Set mit 6 Kaffeel\u00f6ffeln<\/p>\n<p>&nbsp;<\/p>\n","protected":false},"excerpt":{"rendered":"<p>Kaffeel\u00f6ffeln, Hochglanz poliert mit Griff aus dunklem Horn, Set mit 6<\/p>\n","protected":false},"featured_media":52563,"template":"","meta":[],"product_cat":[96,95,1198],"product_tag":[],"_links":{"self":[{"href":"https:\/\/forge-de-laguiole.com\/de\/wp-json\/wp\/v2\/product\/52568"}],"collection":[{"href":"https:\/\/forge-de-laguiole.com\/de\/wp-json\/wp\/v2\/product"}],"about":[{"href":"https:\/\/forge-de-laguiole.com\/de\/wp-json\/wp\/v2\/types\/product"}],"wp:featuredmedia":[{"embeddable":true,"href":"https:\/\/forge-de-laguiole.com\/de\/wp-json\/wp\/v2\/media\/52563"}],"wp:attachment":[{"href":"https:\/\/forge-de-laguiole.com\/de\/wp-json\/wp\/v2\/media?parent=52568"}],"wp:term":[{"taxonomy":"product_cat","embeddable":true,"href":"https:\/\/forge-de-laguiole.com\/de\/wp-json\/wp\/v2\/product_cat?post=52568"},{"taxonomy":"product_tag","embeddable":true,"href":"https:\/\/forge-de-laguiole.com\/de\/wp-json\/wp\/v2\/product_tag?post=52568"}],"curies":[{"name":"wp","href":"https:\/\/api.w.org\/{rel}","templated":true}]}}