{"id":52359,"date":"2022-06-24T07:17:44","date_gmt":"2022-06-24T06:17:44","guid":{"rendered":"https:\/\/forge-de-laguiole.com\/?post_type=product&#038;p=52359"},"modified":"2026-01-18T11:01:47","modified_gmt":"2026-01-18T10:01:47","slug":"buttermesser-aus-walnussholz","status":"publish","type":"product","link":"https:\/\/forge-de-laguiole.com\/de\/produit\/couteaux\/service\/buttermesser-aus-walnussholz\/","title":{"rendered":"Buttermesser mit Finish gl\u00e4nzend Edelstahlklinge aus Walnussholz"},"content":{"rendered":"<p>Forge de Laguiole hat das von unserem Messerschmied St\u00e9phane Rambaud erdachte ikonische Modell, das Lou bur\u00e9, f\u00fcr Sie neu interpretiert.<\/p>\n<p>Die nat\u00fcrliche Eleganz des Walnussholzes und das ergonomische Design dieses Buttermessers verleihen all Ihren Mahlzeiten eine unnachahmliche Note&#8230;<\/p>\n<p>Ein Buttermesser, das Sie vom Fr\u00fchst\u00fcck bis zum Aperitif f\u00fcr Ihre Brote wie auch f\u00fcr Ihren Toast begleitet.<\/p>\n<p>Leicht und schlicht mit einem Griff aus Walnussholz begleitet es Sie bei all Ihren Mahlzeiten. Seine vertikale Position verleiht jedem Tisch Eleganz.<\/p>\n<p>&nbsp;<\/p>\n<p>\nDa die meisten der verwendeten Materialien nat\u00fcrlichen Ursprungs sind, kann ihr Aussehen (Farbton, Maserung, K\u00f6rnung) von einem Artikel zum anderen variieren. Die Fotos auf dieser Website sind nicht vertraglich bindend.<\/p>\n","protected":false},"excerpt":{"rendered":"<p>Buttermesser aus Walnussholz<\/p>\n","protected":false},"featured_media":52364,"template":"","meta":[],"product_cat":[96,1023,1155],"product_tag":[],"_links":{"self":[{"href":"https:\/\/forge-de-laguiole.com\/de\/wp-json\/wp\/v2\/product\/52359"}],"collection":[{"href":"https:\/\/forge-de-laguiole.com\/de\/wp-json\/wp\/v2\/product"}],"about":[{"href":"https:\/\/forge-de-laguiole.com\/de\/wp-json\/wp\/v2\/types\/product"}],"wp:featuredmedia":[{"embeddable":true,"href":"https:\/\/forge-de-laguiole.com\/de\/wp-json\/wp\/v2\/media\/52364"}],"wp:attachment":[{"href":"https:\/\/forge-de-laguiole.com\/de\/wp-json\/wp\/v2\/media?parent=52359"}],"wp:term":[{"taxonomy":"product_cat","embeddable":true,"href":"https:\/\/forge-de-laguiole.com\/de\/wp-json\/wp\/v2\/product_cat?post=52359"},{"taxonomy":"product_tag","embeddable":true,"href":"https:\/\/forge-de-laguiole.com\/de\/wp-json\/wp\/v2\/product_tag?post=52359"}],"curies":[{"name":"wp","href":"https:\/\/api.w.org\/{rel}","templated":true}]}}