{"id":47913,"date":"2022-03-02T09:07:18","date_gmt":"2022-03-02T08:07:18","guid":{"rendered":"https:\/\/forge-de-laguiole.com\/?post_type=product&#038;p=47913"},"modified":"2024-08-14T22:18:21","modified_gmt":"2024-08-14T21:18:21","slug":"tranchier-besteck-griffe-aus-thuja","status":"publish","type":"product","link":"https:\/\/forge-de-laguiole.com\/de\/produit\/couteaux\/service\/tranchier-besteck-griffe-aus-thuja\/","title":{"rendered":"Tranchier-Besteck Griffe aus Thuja, Finish matt"},"content":{"rendered":"<p>Das Tanchier-Besteck von Forge de Laguiole\u00ae ist die perfekte Kombination aus traditioneller Handwerkskunst und einem gepflegten Esstisch. Das Forge de Laguiole\u00ae Tranchier-Besteck zeichnet sich durch seinen tadellosen und fl\u00fcssigen Schnitt aus. Es erh\u00f6ht die Freude, ein mit Leidenschaft zubereitetes St\u00fcck Fleisch zu schneiden.<\/p>\n<p>\nDa die meisten der verwendeten Materialien nat\u00fcrlichen Ursprungs sind, ist es wahrscheinlich, dass ihr Aussehen (Farbe, \u00c4derung, Maserung) von einem Artikel zum anderen variiert.<\/p>\n<p>Die angegebene Gr\u00f6\u00dfe des Messers ist seine Gesamtl\u00e4nge.\u00a0<\/p>\n","protected":false},"excerpt":{"rendered":"<p>Tranchier-Besteck<\/p>\n<p>Stiel aus Thuja<\/p>\n<p>Satiniertes Finish<\/p>\n","protected":false},"featured_media":48098,"template":"","meta":[],"product_cat":[96,1023,1161],"product_tag":[],"_links":{"self":[{"href":"https:\/\/forge-de-laguiole.com\/de\/wp-json\/wp\/v2\/product\/47913"}],"collection":[{"href":"https:\/\/forge-de-laguiole.com\/de\/wp-json\/wp\/v2\/product"}],"about":[{"href":"https:\/\/forge-de-laguiole.com\/de\/wp-json\/wp\/v2\/types\/product"}],"wp:featuredmedia":[{"embeddable":true,"href":"https:\/\/forge-de-laguiole.com\/de\/wp-json\/wp\/v2\/media\/48098"}],"wp:attachment":[{"href":"https:\/\/forge-de-laguiole.com\/de\/wp-json\/wp\/v2\/media?parent=47913"}],"wp:term":[{"taxonomy":"product_cat","embeddable":true,"href":"https:\/\/forge-de-laguiole.com\/de\/wp-json\/wp\/v2\/product_cat?post=47913"},{"taxonomy":"product_tag","embeddable":true,"href":"https:\/\/forge-de-laguiole.com\/de\/wp-json\/wp\/v2\/product_tag?post=47913"}],"curies":[{"name":"wp","href":"https:\/\/api.w.org\/{rel}","templated":true}]}}