{"id":46996,"date":"2022-01-31T09:29:34","date_gmt":"2022-01-31T08:29:35","guid":{"rendered":"https:\/\/forge-de-laguiole.com\/?post_type=product&#038;p=46996"},"modified":"2026-03-29T13:32:28","modified_gmt":"2026-03-29T12:32:28","slug":"sommelier-messer-satiniert-mit-griff-aus-mooreiche-5000-jahre-alt-kern","status":"publish","type":"product","link":"https:\/\/forge-de-laguiole.com\/de\/produit\/couteaux\/sommeliers\/tradi4\/sommelier-messer-satiniert-mit-griff-aus-mooreiche-5000-jahre-alt-kern\/","title":{"rendered":"Sommelier Messer, Finish matt mit Griff aus Mooreiche, 5000 Jahre alt, Kern"},"content":{"rendered":"<p>Das Original Sommelier Messer Forge de Laguiole\u00ae wurde in Zusammenarbeit mit professionellen Sommeliers entwickelt und verleiht ihm so seine Ergonomie, Eleganz und Effizienz.<\/p>\n<p>&nbsp;<\/p>\n<p>\nDie konische Spirale des Korkenziehers, mit 5 Windungen, optimiert seine Funktionalit\u00e4t, auch f\u00fcr die manchmal leicht zerbrechlichen Korken der feinsten Vintage Weine. Der Hebel, dessen Funktionsprinzip patentiert ist, wird aus erhitztem Stahl geschmiedet, wodurch er sehr widerstandf\u00e4hig ist und auch einer intensiven Nutzung standh\u00e4lt.<\/p>\n<p>&nbsp;<\/p>\n<p>\nDie Klinge des Forge de Laguiole\u00ae Sommelier Messers ist geschliffen, was ein sauberes und einfaches Abtrennen der Kapsel erm\u00f6glicht.<\/p>\n<p>&nbsp;<\/p>\n<p>\nDa die meisten der verwendeten Materialien nat\u00fcrlichen Ursprungs sind, ist es m\u00f6glich, dass ihr Aussehen von Artikel zu Artikel unterschiedlich ist (Farbe, \u00c4derung, Maserung). Die Fotos auf unserem offiziellen online Shop sind nicht vertraglich bindend.<\/p>\n<p>&nbsp;<\/p>\n<p>\nUnsere Sommeliers Messer werden mit einem eleganten Lederetui geliefert.<\/p>\n","protected":false},"excerpt":{"rendered":"<p>Sommelier Messer, satiniert mit Griff aus Wacholder<\/p>\n","protected":false},"featured_media":47000,"template":"","meta":[],"product_cat":[106,139],"product_tag":[],"_links":{"self":[{"href":"https:\/\/forge-de-laguiole.com\/de\/wp-json\/wp\/v2\/product\/46996"}],"collection":[{"href":"https:\/\/forge-de-laguiole.com\/de\/wp-json\/wp\/v2\/product"}],"about":[{"href":"https:\/\/forge-de-laguiole.com\/de\/wp-json\/wp\/v2\/types\/product"}],"wp:featuredmedia":[{"embeddable":true,"href":"https:\/\/forge-de-laguiole.com\/de\/wp-json\/wp\/v2\/media\/47000"}],"wp:attachment":[{"href":"https:\/\/forge-de-laguiole.com\/de\/wp-json\/wp\/v2\/media?parent=46996"}],"wp:term":[{"taxonomy":"product_cat","embeddable":true,"href":"https:\/\/forge-de-laguiole.com\/de\/wp-json\/wp\/v2\/product_cat?post=46996"},{"taxonomy":"product_tag","embeddable":true,"href":"https:\/\/forge-de-laguiole.com\/de\/wp-json\/wp\/v2\/product_tag?post=46996"}],"curies":[{"name":"wp","href":"https:\/\/api.w.org\/{rel}","templated":true}]}}