{"id":39504,"date":"2021-08-31T12:52:28","date_gmt":"2021-08-31T11:52:29","guid":{"rendered":"https:\/\/forge-de-laguiole.com\/?post_type=product&#038;p=39504"},"modified":"2023-09-15T19:17:52","modified_gmt":"2023-09-15T18:17:52","slug":"tafelmesser-entworfen-von-philippe-starck-satinierter-edelstahl-6er-set-copie","status":"publish","type":"product","link":"https:\/\/forge-de-laguiole.com\/de\/produit\/couteaux\/service\/tafelmesser-entworfen-von-philippe-starck-satinierter-edelstahl-6er-set-copie\/","title":{"rendered":"K\u00e4semesser entworfen von Philippe Starck, Schwarz"},"content":{"rendered":"<p>Dieses K\u00e4semesser &#8220;Jojo Long Legs&#8221; von Forge de Laguiole ist von dem ber\u00fchmten Designer <strong>Philippe Starck<\/strong> signiert. Unser offizieller Online-Shop erm\u00f6glicht es Ihnen, sie direkt auf unserer Website zu kaufen. Dieses Laguiole-Messer wurde auf der Weltausstellung in Sevilla vorgestellt, wo die Forge de Laguiole den Europ\u00e4ischen Designpreis gewann.\u00a0<\/p>\n<p><a href=\"https:\/\/forge-de-laguiole.com\/de\/produit\/produkte\/tischmesser\/tischmesser-signature-de\/philippe-starck-de\/kasemesser-entworfen-von-philippe-starck-rot\/\">Auch in rot erh\u00e4ltlich<\/a>\u00a0<\/p>\n","protected":false},"excerpt":{"rendered":"<p>K\u00e4semesser entworfen von Philippe Starck, Schwarz<\/p>\n","protected":false},"featured_media":39449,"template":"","meta":[],"product_cat":[96,108,103,1023,1149],"product_tag":[],"_links":{"self":[{"href":"https:\/\/forge-de-laguiole.com\/de\/wp-json\/wp\/v2\/product\/39504"}],"collection":[{"href":"https:\/\/forge-de-laguiole.com\/de\/wp-json\/wp\/v2\/product"}],"about":[{"href":"https:\/\/forge-de-laguiole.com\/de\/wp-json\/wp\/v2\/types\/product"}],"wp:featuredmedia":[{"embeddable":true,"href":"https:\/\/forge-de-laguiole.com\/de\/wp-json\/wp\/v2\/media\/39449"}],"wp:attachment":[{"href":"https:\/\/forge-de-laguiole.com\/de\/wp-json\/wp\/v2\/media?parent=39504"}],"wp:term":[{"taxonomy":"product_cat","embeddable":true,"href":"https:\/\/forge-de-laguiole.com\/de\/wp-json\/wp\/v2\/product_cat?post=39504"},{"taxonomy":"product_tag","embeddable":true,"href":"https:\/\/forge-de-laguiole.com\/de\/wp-json\/wp\/v2\/product_tag?post=39504"}],"curies":[{"name":"wp","href":"https:\/\/api.w.org\/{rel}","templated":true}]}}