{"id":39457,"date":"2021-08-30T10:13:51","date_gmt":"2021-11-04T16:15:00","guid":{"rendered":"https:\/\/forge-de-laguiole.com\/?post_type=product&#038;p=39457"},"modified":"2024-07-18T12:45:45","modified_gmt":"2024-07-18T11:45:45","slug":"helles-horn-dreiteilig-mitres-inox-glanzend","status":"publish","type":"product","link":"https:\/\/forge-de-laguiole.com\/de\/produit\/couteaux\/pliants\/trad1\/helles-horn-dreiteilig-mitres-inox-glanzend\/","title":{"rendered":"Taschenmesser, mit Korkenzieher und Dorn, Griff aus hellem Horn und Mitres aus Inox mit finish glanzend"},"content":{"rendered":"<p>Unsere Taschenmesser haben eine feine und geschwungene Silhouette, die in Laguiole um 1900 entstand. Mit ihrer Eleganz, makellosen Verarbeitung und der Verwendung hochwertiger Materialien, sind diese Taschenmesser von Forge de Laguiole\u00ae sind zu einer echten Referenz geworden.<\/p>\n<p>Die Klingen sind aus franz\u00f6sischem Stahl (T14) geschmiedet, der speziell f\u00fcr Forge de Laguiole\u00ae hergestellt wird. Dies gibt den Klingen ihre aussergew\u00f6hnlich scharfen und dauerhaften Schneidekanten, ohne an Integrit\u00e4t einzub\u00fcssen. Die Griffe werden aus vielen edlen Materialien handgefertigt.<\/p>\n<p>Dieses Forge de Laguiole\u00ae Taschenmesser mit einem eleganten Griff aus hellem Horn, wurde in unserer Manufaktur in Laguiole, Frankreich, handgefertigt, einer Tradition folgend, die bis ins Jahr 1828 zur\u00fcckreicht. Es hat zwei Mitres aus Inox, welche den Griff im t\u00e4glichen Gebrauch sch\u00fctzen. Dieses Messer hat auch einen Korkenzieher und Dorn.<\/p>\n<p>Da die meisten der verwendeten Materialien nat\u00fcrlichen Ursprungs sind, ist es m\u00f6glich, dass ihr Aussehen von Artikel zu Artikel unterschiedlich ist (Farbe, \u00c4derung, Maserung). Die Fotos auf unserem offiziellen online Shop sind nicht vertraglich bindend.<\/p>\n<p>Die angegebene Gr\u00f6sse entspricht der L\u00e4nge des geschlossenen Messers.<\/p>\n","protected":false},"excerpt":{"rendered":"<p>Taschenmesser<\/p>\n<p>12 cm<\/p>\n<p>Korkenzieher und Dorn<\/p>\n<p>hochglanz poliert<\/p>\n<p>Griff aus hellem Horn<\/p>\n<p>Mitres aus Inox<\/p>\n<p>&nbsp;<\/p>\n","protected":false},"featured_media":39434,"template":"","meta":[],"product_cat":[96,104,105],"product_tag":[],"_links":{"self":[{"href":"https:\/\/forge-de-laguiole.com\/de\/wp-json\/wp\/v2\/product\/39457"}],"collection":[{"href":"https:\/\/forge-de-laguiole.com\/de\/wp-json\/wp\/v2\/product"}],"about":[{"href":"https:\/\/forge-de-laguiole.com\/de\/wp-json\/wp\/v2\/types\/product"}],"wp:featuredmedia":[{"embeddable":true,"href":"https:\/\/forge-de-laguiole.com\/de\/wp-json\/wp\/v2\/media\/39434"}],"wp:attachment":[{"href":"https:\/\/forge-de-laguiole.com\/de\/wp-json\/wp\/v2\/media?parent=39457"}],"wp:term":[{"taxonomy":"product_cat","embeddable":true,"href":"https:\/\/forge-de-laguiole.com\/de\/wp-json\/wp\/v2\/product_cat?post=39457"},{"taxonomy":"product_tag","embeddable":true,"href":"https:\/\/forge-de-laguiole.com\/de\/wp-json\/wp\/v2\/product_tag?post=39457"}],"curies":[{"name":"wp","href":"https:\/\/api.w.org\/{rel}","templated":true}]}}