{"id":38663,"date":"2021-08-10T15:48:57","date_gmt":"2021-08-10T14:48:58","guid":{"rendered":"https:\/\/forge-de-laguiole.com\/?post_type=product&#038;p=38663"},"modified":"2024-07-18T10:34:04","modified_gmt":"2024-07-18T09:34:04","slug":"tafelmesser-satiniert-poliert-mit-griff-aus-sand-2er-set","status":"publish","type":"product","link":"https:\/\/forge-de-laguiole.com\/de\/produit\/couteaux\/table\/tradi2\/tafelmesser-satiniert-poliert-mit-griff-aus-sand-2er-set\/","title":{"rendered":"Tafelmesser, Finish matt mit Griff aus Sand des Flusses &#8220;La S\u00e8lves&#8221; (Laguiole), 2er Set"},"content":{"rendered":"<p><strong>Die im 2er-Pack erh\u00e4ltliche Tafelmesser-Serie Tradition Forge de Laguiole\u00ae hat einen Griff aus dem Sand des Flusses Selves, der durch das Dorf Laguiole flie\u00dft.<\/strong><\/p>\n<p><strong>Der Selves-Sandgriff findet auf elegante Weise seinen Platz auf Ihrem Tisch, indem er handwerkliches Know-how und die Raffinesse der Tischkunst miteinander verbindet.<\/strong><\/p>\n<p>&nbsp;<\/p>\n<p>Der Griff dieses Messers besteht aus Sand, der aus dem Fluss Selves (der in Laguiole flie\u00dft) gewonnen und mit einem nat\u00fcrlichen Harz verpresst wurde. Dieses einzigartige, patentierte Verfahren, das f\u00fcr Tradition und Innovation steht, ist eine echte Premiere in der Geschichte der internationalen Besteckherstellung. Schlie\u00dflich wird dieser Sand in winzigen Mengen mit Genehmigung der Pr\u00e4fektur in Gebieten gesammelt, die stark versandet sind und daher keine Auswirkungen auf die Umwelt haben. Die Fotos auf dieser Website sind nicht vertraglich bindend.<\/p>\n<p>&nbsp;<\/p>\n<p><strong>Set mit 2 Tafelmesser<\/strong><\/p>\n<p>\n<strong>Auch in einer 6er-Box erh\u00e4ltlich <\/strong><b><a href=\"https:\/\/forge-de-laguiole.com\/de\/produit\/produkte\/tischmesser\/tischmesser-tradition-de\/tafelmesser-satiniert-poliert-mit-griff-aus-sand-des-laguiole-6er-set\/\"> hier<\/a> <b><\/b><\/b><\/p>\n","protected":false},"excerpt":{"rendered":"<p>Tafelmesser, Hochglanz poliert mit Griff aus Acryl, Set mit 6<\/p>\n","protected":false},"featured_media":38908,"template":"","meta":[],"product_cat":[96,110,50],"product_tag":[],"_links":{"self":[{"href":"https:\/\/forge-de-laguiole.com\/de\/wp-json\/wp\/v2\/product\/38663"}],"collection":[{"href":"https:\/\/forge-de-laguiole.com\/de\/wp-json\/wp\/v2\/product"}],"about":[{"href":"https:\/\/forge-de-laguiole.com\/de\/wp-json\/wp\/v2\/types\/product"}],"wp:featuredmedia":[{"embeddable":true,"href":"https:\/\/forge-de-laguiole.com\/de\/wp-json\/wp\/v2\/media\/38908"}],"wp:attachment":[{"href":"https:\/\/forge-de-laguiole.com\/de\/wp-json\/wp\/v2\/media?parent=38663"}],"wp:term":[{"taxonomy":"product_cat","embeddable":true,"href":"https:\/\/forge-de-laguiole.com\/de\/wp-json\/wp\/v2\/product_cat?post=38663"},{"taxonomy":"product_tag","embeddable":true,"href":"https:\/\/forge-de-laguiole.com\/de\/wp-json\/wp\/v2\/product_tag?post=38663"}],"curies":[{"name":"wp","href":"https:\/\/api.w.org\/{rel}","templated":true}]}}