{"id":29112,"date":"2020-12-02T09:54:02","date_gmt":"2020-12-02T08:54:03","guid":{"rendered":"https:\/\/forge-de-laguiole.com\/?post_type=product&#038;p=29112"},"modified":"2024-07-18T10:36:12","modified_gmt":"2024-07-18T09:36:12","slug":"tafelmesser-hochglanz-poliert-mit-griff-aus-acryl-6er-set-copie","status":"publish","type":"product","link":"https:\/\/forge-de-laguiole.com\/de\/produit\/couteaux\/table\/tradi2\/tafelmesser-hochglanz-poliert-mit-griff-aus-acryl-6er-set-copie\/","title":{"rendered":"Tafelmesser, Finish glanzend mit Griff aus Acryl, 6er Set"},"content":{"rendered":"<p>Unsere Tafelmesser der Kollektion Tradition sind die perfekte Kombination aus traditioneller Handwerkskunst, Qualit\u00e4t und Raffinesse. Ein Original Forge de Laguiole\u00ae Messer zeichnet sich durch seinen flie\u00dfenden und seidigen Schnitt aus, der den Genuss einer sorgf\u00e4ltig zubereiteten Mahlzeit und eines mit Liebe und Sorgfalt gedeckten Tisches unterstreicht.<\/p>\n<p>&nbsp;<\/p>\n<p>Da die meisten der verwendeten Materialien nat\u00fcrlichen Ursprungs sind, ist es m\u00f6glich, dass ihr Aussehen von Artikel zu Artikel unterschiedlich ist (Farbe, \u00c4derung, Maserung). Die Fotos auf unserem offiziellen online Shop sind nicht vertraglich bindend.<\/p>\n<p>&nbsp;<\/p>\n<p>Set mit 6 Tafelmesser<\/p>\n<p>\nAuch in einer 2er-Box erh\u00e4ltlich <b><a href=\"https:\/\/forge-de-laguiole.com\/de\/?post_type=product&amp;p=29103&amp;preview=true\"> hier<\/a> <b><\/b><\/b><\/p>\n","protected":false},"excerpt":{"rendered":"<p>Tafelmesser, Hochglanz poliert mit Griff aus Acryl, Set mit 6<\/p>\n","protected":false},"featured_media":29110,"template":"","meta":[],"product_cat":[96,110,50],"product_tag":[],"_links":{"self":[{"href":"https:\/\/forge-de-laguiole.com\/de\/wp-json\/wp\/v2\/product\/29112"}],"collection":[{"href":"https:\/\/forge-de-laguiole.com\/de\/wp-json\/wp\/v2\/product"}],"about":[{"href":"https:\/\/forge-de-laguiole.com\/de\/wp-json\/wp\/v2\/types\/product"}],"wp:featuredmedia":[{"embeddable":true,"href":"https:\/\/forge-de-laguiole.com\/de\/wp-json\/wp\/v2\/media\/29110"}],"wp:attachment":[{"href":"https:\/\/forge-de-laguiole.com\/de\/wp-json\/wp\/v2\/media?parent=29112"}],"wp:term":[{"taxonomy":"product_cat","embeddable":true,"href":"https:\/\/forge-de-laguiole.com\/de\/wp-json\/wp\/v2\/product_cat?post=29112"},{"taxonomy":"product_tag","embeddable":true,"href":"https:\/\/forge-de-laguiole.com\/de\/wp-json\/wp\/v2\/product_tag?post=29112"}],"curies":[{"name":"wp","href":"https:\/\/api.w.org\/{rel}","templated":true}]}}