{"id":28317,"date":"2020-11-19T15:26:40","date_gmt":"2020-12-08T14:44:45","guid":{"rendered":"https:\/\/forge-de-laguiole.com\/?post_type=product&#038;p=28317"},"modified":"2024-09-15T09:57:01","modified_gmt":"2024-09-15T08:57:01","slug":"zigarrenschneider-in-wacholder","status":"publish","type":"product","link":"https:\/\/forge-de-laguiole.com\/de\/produit\/couteaux\/speciaux\/zigarrenschneider-in-wacholder\/","title":{"rendered":"Zigarrenschneider in Wacholder, Finish matt"},"content":{"rendered":"<p>Ein unverzichtbares Accessoire f\u00fcr Zigarrenliebhaber; der Zigarrenschneider von Forge de Laguiole\u00ae ist die Verbindung von traditionellem Messerschmiede Know-how und perfekter Eleganz.<\/p>\n<p>Die scharfen Klingen der Schere garantieren Ihnen einen sauberen und pr\u00e4zisen Schnitt und garantieren so den einwandfreien Genuss Ihrer Lieblingszigarre.<\/p>\n<p>Dieser erstklassige Zigarrenschneider wird in einer eleganten Verpackung.<\/p>\n<p>Da die meisten der verwendeten Materialien nat\u00fcrlichen Ursprungs sind, ist es m\u00f6glich, dass ihr Aussehen von Artikel zu Artikel unterschiedlich ist (Farbe, \u00c4derung, Maserung).<\/p>\n<p>Die Fotos auf unserem offiziellen online Shop sind nicht vertraglich bindend.<\/p>\n","protected":false},"excerpt":{"rendered":"<p>Ein unverzichtbares Accessoire f\u00fcr Zigarrenliebhaber; der Zigarrenschneider von Forge de Laguiole\u00ae ist die Verbindung von traditionellem Messerschmiede Know-how und perfekter Eleganz. Die scharfen Klingen der Schere garantieren Ihnen einen sauberen und pr\u00e4zisen Schnitt und garantieren so den einwandfreien Genuss Ihrer Lieblingszigarre. Dieser erstklassige Zigarrenschneider wird in einer eleganten Verpackung. Da die meisten der verwendeten Materialien [&hellip;]<\/p>\n","protected":false},"featured_media":28112,"template":"","meta":[],"product_cat":[1252,1143],"product_tag":[],"_links":{"self":[{"href":"https:\/\/forge-de-laguiole.com\/de\/wp-json\/wp\/v2\/product\/28317"}],"collection":[{"href":"https:\/\/forge-de-laguiole.com\/de\/wp-json\/wp\/v2\/product"}],"about":[{"href":"https:\/\/forge-de-laguiole.com\/de\/wp-json\/wp\/v2\/types\/product"}],"wp:featuredmedia":[{"embeddable":true,"href":"https:\/\/forge-de-laguiole.com\/de\/wp-json\/wp\/v2\/media\/28112"}],"wp:attachment":[{"href":"https:\/\/forge-de-laguiole.com\/de\/wp-json\/wp\/v2\/media?parent=28317"}],"wp:term":[{"taxonomy":"product_cat","embeddable":true,"href":"https:\/\/forge-de-laguiole.com\/de\/wp-json\/wp\/v2\/product_cat?post=28317"},{"taxonomy":"product_tag","embeddable":true,"href":"https:\/\/forge-de-laguiole.com\/de\/wp-json\/wp\/v2\/product_tag?post=28317"}],"curies":[{"name":"wp","href":"https:\/\/api.w.org\/{rel}","templated":true}]}}