{"id":27831,"date":"2020-10-22T09:47:35","date_gmt":"2020-10-22T07:47:35","guid":{"rendered":"https:\/\/forge-de-laguiole.com\/?post_type=product&#038;p=27831"},"modified":"2023-07-25T10:37:40","modified_gmt":"2023-07-25T09:37:40","slug":"tafelmesser-olivier-gagnere-acrilgriff-6er-set","status":"publish","type":"product","link":"https:\/\/forge-de-laguiole.com\/de\/produit\/couteaux\/table\/signature2\/gagnere\/tafelmesser-olivier-gagnere-acrilgriff-6er-set\/","title":{"rendered":"Tafelmesser Olivier Gagn\u00e8re mit weiss Acrylgriff, 6er Set"},"content":{"rendered":"<p>Ein Forge de Laguiole Tafelmesser aus der Signature Serie, entworfen von Olivier Gagn\u00e8re f\u00fcr das zwei Michelin-Sterne Restaurant JY&#8217;S und dessen Chefkoch Jean-Yves Schillinger. Dieses Modell hat einen wei\u00dfenAcrylgriff und zwei Messingplatinen.<\/p>\n<p>Schlichtheit und Eleganz finden sich bei der Neuauflage dieses Forge de Laguiole Messers wieder. Ein weiteres interessantes Detail ist die Biene, welche in diesem Fall die Form eines Reiskorns hat.<\/p>\n<p>Set mit 6 Tafelmesser<\/p>\n<p>Auch in einer 2er-Box erh\u00e4ltlich\u00a0<strong><a href=\"https:\/\/forge-de-laguiole.com\/de\/produit\/couteaux-laguiole\/table\/signature\/tafelmesser-olivier-gagnere-acrylgriff-2er-set\/\">hier<\/a><\/strong><\/p>\n<p>&nbsp;<\/p>\n<p>Entdecken Sie die Serie Essentielle, die unser Besteck mit <a href=\"https:\/\/forge-de-laguiole.com\/de\/produit\/produkte\/zubehor\/essgabeln-art-de-la-table\/gabeln-glanzend-mitt-elegance-set-mit-6\/\"><strong>Gabeln<\/strong><\/a>, <a href=\"https:\/\/forge-de-laguiole.com\/de\/produit\/produkte\/zubehor\/loeffel\/kaffeeloeffel-linie-elegance-mit-eckigem-griff-finish-glanzend-set-mit\/\"><strong>Suppenl\u00f6ffeln<\/strong><\/a> und <a href=\"https:\/\/forge-de-laguiole.com\/de\/produit\/produkte\/zubehor\/loeffel\/essloeffel-linie-elegance-mit-eckigem-griff-finish-glanzend-set-mit-6\/\"><strong>Kaffeel\u00f6ffeln<\/strong><\/a> in hochglanzpolierter Ausf\u00fchrung erg\u00e4nzt.<\/p>\n","protected":false},"excerpt":{"rendered":"<p>Ein Forge de Laguiole Tafelmesser aus der Signature Serie, entworfen von Olivier Gagn\u00e8re f\u00fcr das zwei Michelin-Sterne Restaurant JY&#8217;S und dessen Chefkoch Jean-Yves Schillinger. Dieses Modell hat einen wei\u00dfenAcrylgriff und zwei Messingplatinen. Schlichtheit und Eleganz finden sich bei der Neuauflage dieses Forge de Laguiole Messers wieder. Ein weiteres interessantes Detail ist die Biene, welche in [&hellip;]<\/p>\n","protected":false},"featured_media":26656,"template":"","meta":[],"product_cat":[96,110,108,1164],"product_tag":[],"_links":{"self":[{"href":"https:\/\/forge-de-laguiole.com\/de\/wp-json\/wp\/v2\/product\/27831"}],"collection":[{"href":"https:\/\/forge-de-laguiole.com\/de\/wp-json\/wp\/v2\/product"}],"about":[{"href":"https:\/\/forge-de-laguiole.com\/de\/wp-json\/wp\/v2\/types\/product"}],"wp:featuredmedia":[{"embeddable":true,"href":"https:\/\/forge-de-laguiole.com\/de\/wp-json\/wp\/v2\/media\/26656"}],"wp:attachment":[{"href":"https:\/\/forge-de-laguiole.com\/de\/wp-json\/wp\/v2\/media?parent=27831"}],"wp:term":[{"taxonomy":"product_cat","embeddable":true,"href":"https:\/\/forge-de-laguiole.com\/de\/wp-json\/wp\/v2\/product_cat?post=27831"},{"taxonomy":"product_tag","embeddable":true,"href":"https:\/\/forge-de-laguiole.com\/de\/wp-json\/wp\/v2\/product_tag?post=27831"}],"curies":[{"name":"wp","href":"https:\/\/api.w.org\/{rel}","templated":true}]}}