{"id":26421,"date":"2020-10-15T17:45:13","date_gmt":"2020-10-19T11:43:27","guid":{"rendered":"https:\/\/forge-de-laguiole.com\/?post_type=product&#038;p=26421"},"modified":"2022-10-05T08:37:50","modified_gmt":"2022-10-05T07:37:50","slug":"seize-taschenmesser-sublimation-street-art-altair","status":"publish","type":"product","link":"https:\/\/forge-de-laguiole.com\/de\/produit\/couteaux\/pliants\/sign1\/seize-taschenmesser-sublimation-street-art-altair\/","title":{"rendered":"Seize Taschenmesser &#8211; Sublimation Street Art &#8220;Alta\u00efr&#8221;"},"content":{"rendered":"<p>Nach mehr als einem Jahr der Perfektionierung dieses neuen technologischen Verfahrens, und einer au\u00dfergew\u00f6hnlichen Zusammenarbeit mit einem K\u00fbnstler mit inspirierenden Farben und Grafiken wurde das SEIZE HAPPYWALMAKER-Messer von Forge de Laguiole geboren.<\/p>\n<p>Dieses Messer ist das Ergebnis einer neuen Sublimations-Technologie, diese besteht darin, verschiedene Muster auf einen wei\u00dfen Acrylgriff zu drucken. Diese Technologie erm\u00f6glicht uns, das traditionelle Messer von Forge de Laguiole zu veredeln, pr\u00e4zise zu verzieren und auch zu modernisieren.<\/p>\n<p>F\u00fcr dieses 11 cm lange Modell in gl\u00e4nzender Ausf\u00fchrung und mit einer Klinge, auf der die Signatur des K\u00fcnstlers eingraviert ist, kreierte Seize vier verschiedene Motive; Sternkarten die den Weg zu den hellsten Sternen in unserem Sonnensystem anzeigen.<\/p>\n<p>Hier ist <strong>Alta\u00efr<\/strong> und Sie k\u00f6nnen die anderen Modelle entdecken: <a href=\"https:\/\/forge-de-laguiole.com\/de\/produit\/messer\/taschenmesser\/taschenmesser-signature-de\/seize-taschenmesser-sublimation-street-art-vega\/\"><strong>Vega<\/strong><\/a>, <a href=\"https:\/\/forge-de-laguiole.com\/de\/produit\/messer\/taschenmesser\/taschenmesser-signature-de\/ seize-taschenmesser-sublimation-street-art-sirius \/\"><strong>Sirius<\/strong> <\/a>und <a href=\"https:\/\/forge-de-laguiole.com\/de\/produit\/messer\/taschenmesser\/taschenmesser-signature-de\/seize-taschenmesser-sublimation-street-art-antares\/\"><strong>Antares<\/strong><\/a>.<\/p>\n","protected":false},"excerpt":{"rendered":"<p>Nach mehr als einem Jahr der Perfektionierung dieses neuen technologischen Verfahrens, und einer au\u00dfergew\u00f6hnlichen Zusammenarbeit mit einem K\u00fbnstler mit inspirierenden Farben und Grafiken wurde das SEIZE HAPPYWALMAKER-Messer von Forge de Laguiole geboren. Dieses Messer ist das Ergebnis einer neuen Sublimations-Technologie, diese besteht darin, verschiedene Muster auf einen wei\u00dfen Acrylgriff zu drucken. Diese Technologie erm\u00f6glicht uns, [&hellip;]<\/p>\n","protected":false},"featured_media":26430,"template":"","meta":[],"product_cat":[366,76,104,374],"product_tag":[],"_links":{"self":[{"href":"https:\/\/forge-de-laguiole.com\/de\/wp-json\/wp\/v2\/product\/26421"}],"collection":[{"href":"https:\/\/forge-de-laguiole.com\/de\/wp-json\/wp\/v2\/product"}],"about":[{"href":"https:\/\/forge-de-laguiole.com\/de\/wp-json\/wp\/v2\/types\/product"}],"wp:featuredmedia":[{"embeddable":true,"href":"https:\/\/forge-de-laguiole.com\/de\/wp-json\/wp\/v2\/media\/26430"}],"wp:attachment":[{"href":"https:\/\/forge-de-laguiole.com\/de\/wp-json\/wp\/v2\/media?parent=26421"}],"wp:term":[{"taxonomy":"product_cat","embeddable":true,"href":"https:\/\/forge-de-laguiole.com\/de\/wp-json\/wp\/v2\/product_cat?post=26421"},{"taxonomy":"product_tag","embeddable":true,"href":"https:\/\/forge-de-laguiole.com\/de\/wp-json\/wp\/v2\/product_tag?post=26421"}],"curies":[{"name":"wp","href":"https:\/\/api.w.org\/{rel}","templated":true}]}}