{"id":22926,"date":"2020-07-07T18:02:47","date_gmt":"2020-07-07T16:02:47","guid":{"rendered":"https:\/\/forge-de-laguiole.com\/produit\/unkategorisiert\/couteaux-de-table-andree-putman-en-frene-densifie-2\/"},"modified":"2023-11-25T20:18:38","modified_gmt":"2023-11-25T19:18:38","slug":"tischmesser-andree-putman-ebenholz-2","status":"publish","type":"product","link":"https:\/\/forge-de-laguiole.com\/de\/produit\/couteaux\/table\/signature2\/putman\/tischmesser-andree-putman-ebenholz-2\/","title":{"rendered":"Tafelmesser entworfen von Andr\u00e9e Putman, satinierter Edelstahl mit Griff aus Ebenholz, 2er Set"},"content":{"rendered":"<p>Dieses Tafelmesser von Forge de Laguiole\u00ae wurde von Andr\u00e9e Putman entworfen. Dieses Modell hat einen Ebenholzgriff und eine satinierte Oberfl\u00e4che. Sein feines und elegantes Aussehen versch\u00f6nert jeden mit Liebe und Sorgfalt gedeckten Tisch.<\/p>\n<p>&nbsp;<\/p>\n<p>Set mit 2 Tafelmesser<\/p>\n<p>\nAuch in einer 6er-Box erh\u00e4ltlich <b><a href=\"https:\/\/forge-de-laguiole.com\/de\/produit\/messer\/tischmesser\/tischmesser-signature\/andree-putman-de\/tafelmesser-andree-putman-ebenholz-6\/\"> hier<\/a> <b><\/b><\/b><\/p>\n<p>&nbsp;<\/p>\n<p>Entdecken Sie die Serie Essentielle, die unser Besteck mit\u00a0<a href=\"https:\/\/forge-de-laguiole.com\/de\/produit\/produkte\/zubehor\/essgabeln-art-de-la-table\/essgabeln-linie-essentielle-mit-eckigem-griff-finish-satiniert-set-mit-6\/\"><strong>Gabeln<\/strong><\/a>,\u00a0<a href=\"https:\/\/forge-de-laguiole.com\/de\/produit\/produkte\/zubehor\/loeffel\/essloffel-linie-essentielle-mit-eckigem-griff-finish-satiniert-set-mit-6\/\"><strong>Suppenl\u00f6ffeln<\/strong><\/a>\u00a0und\u00a0<a href=\"https:\/\/forge-de-laguiole.com\/de\/produit\/produkte\/zubehor\/loeffel\/kaffeeloffel-linie-essentielle-mit-eckigem-griff-finish-satiernet-set-mit-6\/\"><strong>Kaffeel\u00f6ffeln<\/strong><\/a>\u00a0in hochglanzpolierter Ausf\u00fchrung erg\u00e4nzt.<\/p>\n","protected":false},"excerpt":{"rendered":"<p>Tafelmesser entworfen von Andr\u00e9e Putman, satinierter Edelstahl mit Griff aus Ebenholz, 2er Set<\/p>\n","protected":false},"featured_media":22518,"template":"","meta":[],"product_cat":[96,110,108,98],"product_tag":[],"_links":{"self":[{"href":"https:\/\/forge-de-laguiole.com\/de\/wp-json\/wp\/v2\/product\/22926"}],"collection":[{"href":"https:\/\/forge-de-laguiole.com\/de\/wp-json\/wp\/v2\/product"}],"about":[{"href":"https:\/\/forge-de-laguiole.com\/de\/wp-json\/wp\/v2\/types\/product"}],"wp:featuredmedia":[{"embeddable":true,"href":"https:\/\/forge-de-laguiole.com\/de\/wp-json\/wp\/v2\/media\/22518"}],"wp:attachment":[{"href":"https:\/\/forge-de-laguiole.com\/de\/wp-json\/wp\/v2\/media?parent=22926"}],"wp:term":[{"taxonomy":"product_cat","embeddable":true,"href":"https:\/\/forge-de-laguiole.com\/de\/wp-json\/wp\/v2\/product_cat?post=22926"},{"taxonomy":"product_tag","embeddable":true,"href":"https:\/\/forge-de-laguiole.com\/de\/wp-json\/wp\/v2\/product_tag?post=22926"}],"curies":[{"name":"wp","href":"https:\/\/api.w.org\/{rel}","templated":true}]}}