{"id":20826,"date":"2020-01-27T15:18:49","date_gmt":"2020-01-27T13:18:49","guid":{"rendered":"https:\/\/forge-de-laguiole.com\/produit\/unkategorisiert\/couteaux-de-table-andree-putman-en-ebene\/"},"modified":"2026-01-03T01:08:13","modified_gmt":"2026-01-03T00:08:13","slug":"tafelmesser-andree-putman-ebenholz-6","status":"publish","type":"product","link":"https:\/\/forge-de-laguiole.com\/de\/produit\/couteaux\/table\/signature2\/putman\/tafelmesser-andree-putman-ebenholz-6\/","title":{"rendered":"Tafelmesser entworfen von Andr\u00e9e Putman, satinierter Edelstahl mit Griff aus Ebenholz, 6er Set"},"content":{"rendered":"<p>Dieses Tafelmesser von Forge de Laguiole\u00ae wurde von Andr\u00e9e Putman entworfen. Dieses Modell hat einen Griff aus Ebenholz und eine satinierte Oberfl\u00e4che. Sein feines und elegantes Aussehen versch\u00f6nert jeden mit Liebe und Sorgfalt gedeckten Tisch.<\/p>\n<p>&nbsp;<\/p>\n<p>Set mit 6 Tafelmesser<\/p>\n<p>&nbsp;<\/p>\n<p>Auch in einer 2er-Box erh\u00e4ltlich <b><a href=\"https:\/\/forge-de-laguiole.com\/de\/produit\/messer\/tischmesser\/unterschrift\/andree-putman-de\/tischmesser-andree-putman-ebenholz-2\/\"> hier<\/a> <b><\/b><\/b><\/p>\n<p>&nbsp;<\/p>\n<p>Entdecken Sie die Serie Essentielle, die unser Besteck mit\u00a0<a href=\"https:\/\/forge-de-laguiole.com\/de\/produit\/produkte\/zubehor\/essgabeln-art-de-la-table\/essgabeln-linie-essentielle-mit-eckigem-griff-finish-satiniert-set-mit-6\/\"><strong>Gabeln<\/strong><\/a>,\u00a0<a href=\"https:\/\/forge-de-laguiole.com\/de\/produit\/produkte\/zubehor\/loeffel\/essloffel-linie-essentielle-mit-eckigem-griff-finish-satiniert-set-mit-6\/\"><strong>Suppenl\u00f6ffeln<\/strong><\/a>\u00a0und\u00a0<a href=\"https:\/\/forge-de-laguiole.com\/de\/produit\/produkte\/zubehor\/loeffel\/kaffeeloffel-linie-essentielle-mit-eckigem-griff-finish-satiernet-set-mit-6\/\"><strong>Kaffeel\u00f6ffeln<\/strong><\/a>\u00a0in hochglanzpolierter Ausf\u00fchrung erg\u00e4nzt.<\/p>\n","protected":false},"excerpt":{"rendered":"<p>Tafelmesser entworfen von Andr\u00e9e Putman, satinierter Edelstahl mit Griff aus Ebenholz, 6er Set<\/p>\n","protected":false},"featured_media":22658,"template":"","meta":[],"product_cat":[96,110,108,98],"product_tag":[],"_links":{"self":[{"href":"https:\/\/forge-de-laguiole.com\/de\/wp-json\/wp\/v2\/product\/20826"}],"collection":[{"href":"https:\/\/forge-de-laguiole.com\/de\/wp-json\/wp\/v2\/product"}],"about":[{"href":"https:\/\/forge-de-laguiole.com\/de\/wp-json\/wp\/v2\/types\/product"}],"wp:featuredmedia":[{"embeddable":true,"href":"https:\/\/forge-de-laguiole.com\/de\/wp-json\/wp\/v2\/media\/22658"}],"wp:attachment":[{"href":"https:\/\/forge-de-laguiole.com\/de\/wp-json\/wp\/v2\/media?parent=20826"}],"wp:term":[{"taxonomy":"product_cat","embeddable":true,"href":"https:\/\/forge-de-laguiole.com\/de\/wp-json\/wp\/v2\/product_cat?post=20826"},{"taxonomy":"product_tag","embeddable":true,"href":"https:\/\/forge-de-laguiole.com\/de\/wp-json\/wp\/v2\/product_tag?post=20826"}],"curies":[{"name":"wp","href":"https:\/\/api.w.org\/{rel}","templated":true}]}}