{"id":20558,"date":"2020-06-26T09:38:26","date_gmt":"2020-06-26T07:38:26","guid":{"rendered":"https:\/\/forge-de-laguiole.com\/produit\/unkategorisiert\/couteau-pliant-avec-tire-bouchon-satine-corne-claire\/"},"modified":"2026-04-12T13:02:15","modified_gmt":"2026-04-12T12:02:15","slug":"taschenmesser-korkenzierher-horn-mitres-aus-messing","status":"publish","type":"product","link":"https:\/\/forge-de-laguiole.com\/de\/produit\/couteaux\/pliants\/trad1\/taschenmesser-korkenzierher-horn-mitres-aus-messing\/","title":{"rendered":"Taschenmesser, 12 cm mit Korkenzieher, Griff aus hellem Horn und Mitres aus Messing"},"content":{"rendered":"<p>Unsere Taschenmesser haben eine feine und geschwungene Silhouette, die in Laguiole um 1900 entstand. Mit ihrer Eleganz, makellosen Verarbeitung und der Verwendung hochwertiger Materialien, sind diese Taschenmesser von Forge de Laguiole\u00ae sind zu einer echten Referenz geworden.<\/p>\n<p>&nbsp;<\/p>\n<p>\nDie Klingen sind aus franz\u00f6sischem Stahl (T14) geschmiedet, der speziell f\u00fcr Forge de Laguiole\u00ae hergestellt wird. Dies gibt den Klingen ihre aussergew\u00f6hnlich scharfen und dauerhaften Schneidekanten, ohne an Integrit\u00e4t einzub\u00fcssen. Die Griffe werden aus vielen edlen Materialien handgefertigt.<\/p>\n<p>&nbsp;<\/p>\n<p>\nDieses Forge de Laguiole\u00ae Taschenmesser mit einem eleganten Griff aus hellem Horn, wurde in unserer Manufaktur in Laguiole, Frankreich, handgefertigt, einer Tradition folgend, die bis ins Jahr 1828 zur\u00fcckreicht. Es hat zwei Mitres aus Messing, welche den Griff im t\u00e4glichen Gebrauch sch\u00fctzen. Dieses Messer hat auch einen Korkenzieher.<\/p>\n<p>&nbsp;<\/p>\n<p>\nDa die meisten der verwendeten Materialien nat\u00fcrlichen Ursprungs sind, ist es m\u00f6glich, dass ihr Aussehen von Artikel zu Artikel unterschiedlich ist (Farbe, \u00c4derung, Maserung). Die Fotos auf unserem offiziellen online Shop sind nicht vertraglich bindend.<\/p>\n<p>&nbsp;<\/p>\n<p>\nDie angegebene Gr\u00f6sse entspricht der L\u00e4nge des geschlossenen Messers.<\/p>\n","protected":false},"excerpt":{"rendered":"<p>Taschenmesser, 12 cm mit Korkenzieher, hochglanz poliert mit Griff aus hellem Horn und Mitres aus Messing<\/p>\n","protected":false},"featured_media":20528,"template":"","meta":[],"product_cat":[96,104,105],"product_tag":[],"_links":{"self":[{"href":"https:\/\/forge-de-laguiole.com\/de\/wp-json\/wp\/v2\/product\/20558"}],"collection":[{"href":"https:\/\/forge-de-laguiole.com\/de\/wp-json\/wp\/v2\/product"}],"about":[{"href":"https:\/\/forge-de-laguiole.com\/de\/wp-json\/wp\/v2\/types\/product"}],"wp:featuredmedia":[{"embeddable":true,"href":"https:\/\/forge-de-laguiole.com\/de\/wp-json\/wp\/v2\/media\/20528"}],"wp:attachment":[{"href":"https:\/\/forge-de-laguiole.com\/de\/wp-json\/wp\/v2\/media?parent=20558"}],"wp:term":[{"taxonomy":"product_cat","embeddable":true,"href":"https:\/\/forge-de-laguiole.com\/de\/wp-json\/wp\/v2\/product_cat?post=20558"},{"taxonomy":"product_tag","embeddable":true,"href":"https:\/\/forge-de-laguiole.com\/de\/wp-json\/wp\/v2\/product_tag?post=20558"}],"curies":[{"name":"wp","href":"https:\/\/api.w.org\/{rel}","templated":true}]}}