{"id":123262,"date":"2026-03-23T15:10:46","date_gmt":"2026-03-23T14:10:46","guid":{"rendered":"https:\/\/forge-de-laguiole.com\/?post_type=product&#038;p=123262"},"modified":"2026-03-23T16:50:57","modified_gmt":"2026-03-23T15:50:57","slug":"sommelier-alchimie-aus-wacholder-und-weissem-harz","status":"publish","type":"product","link":"https:\/\/forge-de-laguiole.com\/de\/produit\/couteaux\/sommelier-alchimie-aus-wacholder-und-weissem-harz\/","title":{"rendered":"Sommelier ALCHIMIE aus Wacholder und wei\u00dfem Harz"},"content":{"rendered":"<h2 data-start=\"1272\" data-end=\"1339\"><strong data-start=\"1272\" data-end=\"1337\">Sommelier aus Wacholder und wei\u00dfem Harz \u2013 Alchimie Kollektion<\/strong><\/h2>\n<p data-start=\"1341\" data-end=\"1545\">Entdecken Sie den Laguiole-Sommelier aus Wacholder und wei\u00dfem Harz, ein einzigartiges St\u00fcck aus der Alchimie-Kollektion, das edle Materialien in Szene setzt und die Sch\u00f6nheit des Naturholzes hervorhebt.<\/p>\n<p data-start=\"1547\" data-end=\"1896\">In der Werkstatt von Forge de Laguiole wird jedes Wacholderfragment sorgf\u00e4ltig ausgew\u00e4hlt. Zu klein f\u00fcr einen klassischen Griff, bewahren diese St\u00fccke dennoch eine ausdrucksstarke Maserung und au\u00dfergew\u00f6hnliche W\u00e4rme. In Kombination mit wei\u00dfem Harz entsteht ein eleganter, zeitgem\u00e4\u00dfer Kontrast, der einen einzigartigen und raffinierten Griff formt.<\/p>\n<p data-start=\"1898\" data-end=\"2283\">Der Sommelier aus Wacholder und wei\u00dfem Harz vereint Design, Ergonomie und Funktionalit\u00e4t. Jedes St\u00fcck ist ein Unikat: Die Verbindung von Naturholz und Harz verleiht diesem Sommelier-Zubeh\u00f6r einen unvergleichlichen Stil und macht jeden Sommelier zu einem echten Sammlerst\u00fcck. Ideal f\u00fcr Weinliebhaber und Kenner, verwandelt er den Weingenuss in ein raffiniertes und elegantes Erlebnis.<\/p>\n<p data-start=\"2285\" data-end=\"2554\">Mit der Alchimie-Kollektion r\u00fcckt Forge de Laguiole die Sch\u00f6nheit der Materialien und die Expertise franz\u00f6sischer Handwerkskunst in den Fokus. Dieser Sommelier aus Wacholder und wei\u00dfem Harz verk\u00f6rpert die perfekte Balance zwischen Tradition, Innovation und Exzellenz.<\/p>\n","protected":false},"excerpt":{"rendered":"<p data-start=\"337\" data-end=\"404\"><strong data-start=\"337\" data-end=\"402\">Sommelier aus Wacholder und wei\u00dfem Harz \u2013 Alchimie Kollektion<\/strong><\/p>\n<p data-start=\"406\" data-end=\"610\">Entdecken Sie den Laguiole-Sommelier aus Wacholder und wei\u00dfem Harz, ein einzigartiges St\u00fcck aus der Alchimie-Kollektion, das edle Materialien in Szene setzt und die Sch\u00f6nheit des Naturholzes hervorhebt.<\/p>\n","protected":false},"featured_media":123268,"template":"","meta":[],"product_cat":[96,106,1264],"product_tag":[],"_links":{"self":[{"href":"https:\/\/forge-de-laguiole.com\/de\/wp-json\/wp\/v2\/product\/123262"}],"collection":[{"href":"https:\/\/forge-de-laguiole.com\/de\/wp-json\/wp\/v2\/product"}],"about":[{"href":"https:\/\/forge-de-laguiole.com\/de\/wp-json\/wp\/v2\/types\/product"}],"wp:featuredmedia":[{"embeddable":true,"href":"https:\/\/forge-de-laguiole.com\/de\/wp-json\/wp\/v2\/media\/123268"}],"wp:attachment":[{"href":"https:\/\/forge-de-laguiole.com\/de\/wp-json\/wp\/v2\/media?parent=123262"}],"wp:term":[{"taxonomy":"product_cat","embeddable":true,"href":"https:\/\/forge-de-laguiole.com\/de\/wp-json\/wp\/v2\/product_cat?post=123262"},{"taxonomy":"product_tag","embeddable":true,"href":"https:\/\/forge-de-laguiole.com\/de\/wp-json\/wp\/v2\/product_tag?post=123262"}],"curies":[{"name":"wp","href":"https:\/\/api.w.org\/{rel}","templated":true}]}}