{"id":104066,"date":"2026-02-13T11:55:24","date_gmt":"2026-02-13T10:55:26","guid":{"rendered":"https:\/\/forge-de-laguiole.com\/?post_type=product&#038;p=104066"},"modified":"2026-02-13T12:09:11","modified_gmt":"2026-02-13T11:09:11","slug":"masgefertigtes-taschenmesser-mit-schwarzem-horngriff-valentinstag-thema","status":"publish","type":"product","link":"https:\/\/forge-de-laguiole.com\/de\/produit\/couteaux\/pliants\/coutellerie-art\/masgefertigtes-taschenmesser-mit-schwarzem-horngriff-valentinstag-thema\/","title":{"rendered":"Ma\u00dfgefertigtes Taschenmesser aus dunklem Horn, Valentinstag-Thema"},"content":{"rendered":"<p data-start=\"2083\" data-end=\"2612\">Die Coutellerie d\u2019Art Forge de Laguiole Kollektion vereint die seltensten und bemerkenswertesten St\u00fccke aus unseren historischen Laguiole-Werkst\u00e4tten in Aveyron, Frankreich. Jedes au\u00dfergew\u00f6hnliche Laguiole-Messer, als einziges St\u00fcck gefertigt, spiegelt die Exzellenz des Laguiole-Handwerks wider, das seit 1987 \u00fcberliefert und perfektioniert wird. Diese hochwertigen Messerunikate sind f\u00fcr anspruchsvolle Liebhaber, Sammler von Prestige-Messern und Freunde der franz\u00f6sischen Handwerkskunst konzipiert.<\/p>\n<p data-start=\"2614\" data-end=\"3169\">St\u00e9phane Rambaud, ein renommierter Meistermesserer, wurde 1968 in Lyon geboren. Er wurde an der renommierten \u00c9cole de Coutellerie de Nogent ausgebildet und erhielt 1987 die Goldmedaille als bester Lehrling Frankreichs, ein Symbol f\u00fcr franz\u00f6sische Exzellenz in der Messerkunst. Im Sommer 2005 trat er der Forge de Laguiole bei, wo er au\u00dfergew\u00f6hnliche Laguiole-Taschenmesser entwirft, die nach seiner Inspiration oder auf ma\u00dfgeschneiderte Bestellung gefertigt werden, stets unter Beachtung der Traditionen und Codes von Laguiole.<\/p>\n<p data-start=\"3171\" data-end=\"3373\">Jedes Messer der Coutellerie d\u2019Art Forge de Laguiole wird vollst\u00e4ndig handgefertigt, garantiert ein einzigartiges Sammlerst\u00fcck mit markantem Charakter und pr\u00e4zise veredelten Oberfl\u00e4chen.<\/p>\n<p data-start=\"3375\" data-end=\"3857\">Dieses hochwertige 12 cm einteilige Laguiole-Taschenmesser verf\u00fcgt \u00fcber einen vollst\u00e4ndigen Griff aus dunklem Horn mit rotem Einlegeblatt, elegant und zeitlos. Die fein gearbeitete Feder zeigt ein Muster aus zwei ineinander verschlungenen Linien, das die Bindung und Liebe zwischen zwei Menschen symbolisiert. Die invertierte Biene bildet mit ihren Fl\u00fcgeln ein Herz, w\u00e4hrend ein roter Stein im K\u00f6rper dem Messer einen wertvollen und symbolischen Akzent verleiht.<\/p>\n<p data-start=\"3859\" data-end=\"4228\">Die mattierten Edelstahlplatinen sorgen f\u00fcr Stabilit\u00e4t und Eleganz, w\u00e4hrend die Damast-Klinge den authentischen Charakter des Messers unterstreicht. Eine diskrete Gravur \u201e\u00e0 nous\u201c im Inneren der Feder vervollst\u00e4ndigt dieses einzigartige Laguiole-Sammlermesser, die perfekte Verbindung von franz\u00f6sischer Messerkunst, Symbolik und au\u00dfergew\u00f6hnlichem Design.<\/p>\n","protected":false},"excerpt":{"rendered":"<p>Ma\u00dfgefertigtes Taschenmesser aus dunklem Horn, Valentinstag-Thema<\/p>\n","protected":false},"featured_media":104072,"template":"","meta":[],"product_cat":[96,104,135],"product_tag":[],"_links":{"self":[{"href":"https:\/\/forge-de-laguiole.com\/de\/wp-json\/wp\/v2\/product\/104066"}],"collection":[{"href":"https:\/\/forge-de-laguiole.com\/de\/wp-json\/wp\/v2\/product"}],"about":[{"href":"https:\/\/forge-de-laguiole.com\/de\/wp-json\/wp\/v2\/types\/product"}],"wp:featuredmedia":[{"embeddable":true,"href":"https:\/\/forge-de-laguiole.com\/de\/wp-json\/wp\/v2\/media\/104072"}],"wp:attachment":[{"href":"https:\/\/forge-de-laguiole.com\/de\/wp-json\/wp\/v2\/media?parent=104066"}],"wp:term":[{"taxonomy":"product_cat","embeddable":true,"href":"https:\/\/forge-de-laguiole.com\/de\/wp-json\/wp\/v2\/product_cat?post=104066"},{"taxonomy":"product_tag","embeddable":true,"href":"https:\/\/forge-de-laguiole.com\/de\/wp-json\/wp\/v2\/product_tag?post=104066"}],"curies":[{"name":"wp","href":"https:\/\/api.w.org\/{rel}","templated":true}]}}