{"id":104015,"date":"2026-02-10T15:55:34","date_gmt":"2026-02-10T14:55:34","guid":{"rendered":"https:\/\/forge-de-laguiole.com\/?post_type=product&#038;p=104015"},"modified":"2026-02-10T16:11:48","modified_gmt":"2026-02-10T15:11:48","slug":"masgefertigtes-taschenmesser-mit-schwarzem-gefaerbtem-giraffenknochen-griff","status":"publish","type":"product","link":"https:\/\/forge-de-laguiole.com\/de\/produit\/couteaux\/pliants\/coutellerie-art\/masgefertigtes-taschenmesser-mit-schwarzem-gefaerbtem-giraffenknochen-griff\/","title":{"rendered":"Ma\u00dfgefertigtes Taschenmesser mit schwarzem, gef\u00e4rbtem Giraffenknochen-Griff"},"content":{"rendered":"<p data-start=\"1694\" data-end=\"2162\">Die Art Cutlery Kollektion der Forge de Laguiole vereint die seltensten und bemerkenswertesten St\u00fccke aus unseren historischen Werkst\u00e4tten in Laguiole. Jedes au\u00dfergew\u00f6hnliche Laguiole-Messer, als Einzelst\u00fcck gefertigt, spiegelt die Exzellenz der Laguiole-Handwerkskunst wider, die seit 1987 \u00fcberliefert und perfektioniert wird. Diese hochwertigen Schneidwaren-Kreationen sind f\u00fcr anspruchsvolle Liebhaber und Sammler von Prestige-Messern konzipiert.<\/p>\n<p data-start=\"2164\" data-end=\"2670\">St\u00e9phane Rambaud, anerkannter Meistermesserhersteller, wurde 1968 in Lyon geboren. Er wurde an der renommierten \u00c9cole de Coutellerie de Nogent ausgebildet und erhielt 1987 die Goldmedaille f\u00fcr den besten Lehrling Frankreichs \u2013 ein Symbol f\u00fcr franz\u00f6sische Messerkunst. Im Sommer 2005 trat er der Forge de Laguiole bei, wo er au\u00dfergew\u00f6hnliche Laguiole-Taschenmesser entwirft, gefertigt nach seiner Inspiration oder auf individuelle Bestellung, unter strikter Einhaltung der Laguiole-Codes und -Traditionen.<\/p>\n<p data-start=\"2672\" data-end=\"2979\">Jedes Messer der Art Cutlery Kollektion der Forge de Laguiole wird vollst\u00e4ndig von Hand in unseren Werkst\u00e4tten gefertigt und garantiert ein einzigartiges St\u00fcck mit ausgepr\u00e4gtem Charakter und pr\u00e4ziser, raffinierter Verarbeitung, versehen mit einer fein gearbeiteten Biene, dem Emblem der Laguiole-Signatur.<\/p>\n<p data-start=\"2981\" data-end=\"3287\">Dieses hochwertige Laguiole-Taschenmesser ist ein 12 cm Einzelst\u00fcck mit einem Griff aus schwarz gef\u00e4rbtem Giraffenknochen, der schlichte und zeitlose Eleganz ausstrahlt. Es zeichnet sich durch eine fein gearbeitete Feder und guillochierte Messingplatinen aus, die Raffinesse und Pers\u00f6nlichkeit verleihen.<\/p>\n<p data-start=\"3289\" data-end=\"3567\">Die Klinge aus Kohlenstoffstahl bietet au\u00dfergew\u00f6hnliche Schneidleistung, w\u00e4hrend die gl\u00e4nzende Verarbeitung die Eleganz und den Prestigecharakter dieses Laguiole-Sammlermessers unterstreicht \u2013 eine perfekte Verbindung von franz\u00f6sischer Messertradition und hochwertigem Design.<\/p>\n","protected":false},"excerpt":{"rendered":"<p>Ma\u00dfgefertigtes Taschenmesser mit schwarzem, gef\u00e4rbtem Giraffenknochen-Griff<\/p>\n","protected":false},"featured_media":104019,"template":"","meta":[],"product_cat":[96,104,135],"product_tag":[],"_links":{"self":[{"href":"https:\/\/forge-de-laguiole.com\/de\/wp-json\/wp\/v2\/product\/104015"}],"collection":[{"href":"https:\/\/forge-de-laguiole.com\/de\/wp-json\/wp\/v2\/product"}],"about":[{"href":"https:\/\/forge-de-laguiole.com\/de\/wp-json\/wp\/v2\/types\/product"}],"wp:featuredmedia":[{"embeddable":true,"href":"https:\/\/forge-de-laguiole.com\/de\/wp-json\/wp\/v2\/media\/104019"}],"wp:attachment":[{"href":"https:\/\/forge-de-laguiole.com\/de\/wp-json\/wp\/v2\/media?parent=104015"}],"wp:term":[{"taxonomy":"product_cat","embeddable":true,"href":"https:\/\/forge-de-laguiole.com\/de\/wp-json\/wp\/v2\/product_cat?post=104015"},{"taxonomy":"product_tag","embeddable":true,"href":"https:\/\/forge-de-laguiole.com\/de\/wp-json\/wp\/v2\/product_tag?post=104015"}],"curies":[{"name":"wp","href":"https:\/\/api.w.org\/{rel}","templated":true}]}}