{"id":103945,"date":"2026-02-09T11:30:30","date_gmt":"2026-02-09T10:30:31","guid":{"rendered":"https:\/\/forge-de-laguiole.com\/?post_type=product&#038;p=103945"},"modified":"2026-02-09T11:49:27","modified_gmt":"2026-02-09T10:49:27","slug":"masgefertigtes-taschenmesser-mit-mammut-elfenbein-griff-und-navigationsleiste","status":"publish","type":"product","link":"https:\/\/forge-de-laguiole.com\/de\/produit\/couteaux\/pliants\/coutellerie-art\/masgefertigtes-taschenmesser-mit-mammut-elfenbein-griff-und-navigationsleiste\/","title":{"rendered":"Ma\u00dfgefertigtes Taschenmesser mit aufrechtem Mammut-Elfenbein-Griff und Navigationsleiste"},"content":{"rendered":"<p data-start=\"1979\" data-end=\"2457\">Die Art Cutlery Kollektion von Forge de Laguiole vereint die seltensten und au\u00dfergew\u00f6hnlichsten St\u00fccke aus unseren historischen Werkst\u00e4tten in Laguiole. Diese au\u00dfergew\u00f6hnlichen Laguiole-Messer, als Unikate gefertigt, spiegeln die Exzellenz des Laguiole-Handwerks wider, das seit 1987 weitergegeben und perfektioniert wird. Wahrhaftige Meisterwerke der hochwertigen Messerkunst, gedacht f\u00fcr anspruchsvolle Liebhaber und Sammler von Prestige-Messern.<\/p>\n<p data-start=\"2459\" data-end=\"3021\">St\u00e9phane Rambaud, ein anerkannter Meistermessermacher, wurde 1968 in Lyon geboren. Er absolvierte seine Ausbildung an der renommierten Messerschule von Nogent, wo er 1987 die Goldmedaille als bester Lehrling Frankreichs erhielt \u2013 ein Symbol franz\u00f6sischer Exzellenz in der Messerkunst.<br data-start=\"2755\" data-end=\"2758\" \/><br \/>\nIm Sommer 2005 trat er der Forge de Laguiole bei, wo er au\u00dfergew\u00f6hnliche Laguiole-Klappmesser entwirft und fertigt \u2013 inspiriert von seiner Kreativit\u00e4t oder nach individuellen Kundenw\u00fcnschen \u2013 stets unter Beachtung der Codes und Traditionen von Laguiole.<\/p>\n<p data-start=\"3023\" data-end=\"3229\">Jedes Messer der Art Cutlery Kollektion wird vollst\u00e4ndig von Hand gefertigt, was ein einzigartiges St\u00fcck mit unverwechselbarem Charakter und pr\u00e4ziser, raffinierter Verarbeitung garantiert.<\/p>\n<p data-start=\"3231\" data-end=\"3686\">Dieses hochwertige Laguiole-Klappmesser ist ein 12-cm-Einzelst\u00fcck mit einem aufrecht stehenden Mammut-Elfenbein-Griff mit Ebenholz-Einlage, elegant und einzigartig. Es zeichnet sich durch eine reliefgepr\u00e4gte Feder mit Kettenmotiv aus, die am Griffende durch eine Kette und einen Anker fortgesetzt wird. Die traditionelle Biene wird durch eine Navigationsleiste ersetzt, was dem Messer ein originelles und mutiges Design verleiht.<\/p>\n<p data-start=\"3688\" data-end=\"3998\">Das Messer verf\u00fcgt \u00fcber doppelte Edelstahl-Platinen mit polierter und satinierter Oberfl\u00e4che sowie eine Damas-Inox-Twist-Klinge \u201eOdin\u2019s Eye\u201c, die f\u00fcr Schneidpr\u00e4zision und Prestige steht. Diese einzigartige Kreation vereint Laguiole-Tradition, au\u00dfergew\u00f6hnliches K\u00f6nnen und modernes Design perfekt.<\/p>\n","protected":false},"excerpt":{"rendered":"<p>Ma\u00dfgefertigtes Taschenmesser mit aufrechtem Mammut-Elfenbein-Griff und Navigationsleiste<\/p>\n","protected":false},"featured_media":103949,"template":"","meta":[],"product_cat":[96,104,135],"product_tag":[],"_links":{"self":[{"href":"https:\/\/forge-de-laguiole.com\/de\/wp-json\/wp\/v2\/product\/103945"}],"collection":[{"href":"https:\/\/forge-de-laguiole.com\/de\/wp-json\/wp\/v2\/product"}],"about":[{"href":"https:\/\/forge-de-laguiole.com\/de\/wp-json\/wp\/v2\/types\/product"}],"wp:featuredmedia":[{"embeddable":true,"href":"https:\/\/forge-de-laguiole.com\/de\/wp-json\/wp\/v2\/media\/103949"}],"wp:attachment":[{"href":"https:\/\/forge-de-laguiole.com\/de\/wp-json\/wp\/v2\/media?parent=103945"}],"wp:term":[{"taxonomy":"product_cat","embeddable":true,"href":"https:\/\/forge-de-laguiole.com\/de\/wp-json\/wp\/v2\/product_cat?post=103945"},{"taxonomy":"product_tag","embeddable":true,"href":"https:\/\/forge-de-laguiole.com\/de\/wp-json\/wp\/v2\/product_tag?post=103945"}],"curies":[{"name":"wp","href":"https:\/\/api.w.org\/{rel}","templated":true}]}}