{"id":103933,"date":"2026-02-09T11:14:45","date_gmt":"2026-02-09T10:14:46","guid":{"rendered":"https:\/\/forge-de-laguiole.com\/?post_type=product&#038;p=103933"},"modified":"2026-04-22T15:07:33","modified_gmt":"2026-04-22T14:07:33","slug":"masgefertigtes-taschenmesser-mit-schwarzem-horngriff-und-gedrehtem-feder-und-stierkopf","status":"publish","type":"product","link":"https:\/\/forge-de-laguiole.com\/de\/produit\/couteaux\/pliants\/coutellerie-art\/masgefertigtes-taschenmesser-mit-schwarzem-horngriff-und-gedrehtem-feder-und-stierkopf\/","title":{"rendered":"Ma\u00dfgefertigtes Taschenmesser mit schwarzem Horngriff, gedrehter Feder und Stierkopf"},"content":{"rendered":"<p data-start=\"1767\" data-end=\"2241\">Die Art Cutlery Kollektion von Forge de Laguiole vereint die seltensten und au\u00dfergew\u00f6hnlichsten St\u00fccke aus unseren historischen Werkst\u00e4tten in Laguiole. Diese au\u00dfergew\u00f6hnlichen Laguiole-Messer, als Unikate gefertigt, spiegeln die Exzellenz des Laguiole-Handwerks wider, das seit 1987 weitergegeben und perfektioniert wird. Wahrhaftige Meisterwerke der hochwertigen Messerkunst, gedacht f\u00fcr anspruchsvolle Liebhaber und Sammler von Prestige-Messern.<\/p>\n<p data-start=\"2243\" data-end=\"2805\">St\u00e9phane Rambaud, ein anerkannter Meistermessermacher, wurde 1968 in Lyon geboren. Er absolvierte seine Ausbildung an der renommierten Messerschule von Nogent, wo er 1987 die Goldmedaille als Bester Lehrling Frankreichs erhielt \u2013 ein Symbol franz\u00f6sischer Exzellenz in der Messerkunst.<br data-start=\"2539\" data-end=\"2542\" \/><br \/>\nIm Sommer 2005 trat er der Forge de Laguiole bei, wo er au\u00dfergew\u00f6hnliche Laguiole-Klappmesser entwirft und fertigt \u2013 inspiriert von seiner Kreativit\u00e4t oder nach individuellen Kundenw\u00fcnschen \u2013 stets unter Beachtung der Codes und Traditionen von Laguiole.<\/p>\n<p data-start=\"2807\" data-end=\"2999\">Jedes Messer der Art Cutlery Kollektion wird vollst\u00e4ndig von Hand gefertigt, was ein einzigartiges St\u00fcck mit unverwechselbarem Charakter und pr\u00e4ziser Verarbeitung garantiert.<\/p>\n<p data-start=\"3001\" data-end=\"3553\">Dieses hochwertige Laguiole-Klappmesser ist ein 12-cm-Einzelst\u00fcck mit einem vollst\u00e4ndig aus schwarzem Horn gefertigten Griff, dezent und zeitlos. Es zeichnet sich durch eine gedrehte Feder, ein Elfenbein-Inlay sowie einen Stierkopf anstelle der traditionellen Biene aus.<br data-start=\"3295\" data-end=\"3298\" \/><br \/>\nDie Platinen aus Edelstahl mit polierter Oberfl\u00e4che und die Klinge aus Damas-Inox Twist unterstreichen die Eleganz, Schneidqualit\u00e4t und das einzigartige Design dieses Laguiole-Messers \u2013 eine perfekte Verbindung von Tradition und Moderne.<\/p>\n<p data-start=\"3001\" data-end=\"3553\">Auch erh\u00e4ltlich in der Forge de Laguiole Boutique in Toulouse.<\/p>\n","protected":false},"excerpt":{"rendered":"<p>Ma\u00dfgefertigtes Taschenmesser mit schwarzem Horngriff, gedrehter Feder und Stierkopf<\/p>\n","protected":false},"featured_media":103937,"template":"","meta":[],"product_cat":[96,104,135],"product_tag":[],"_links":{"self":[{"href":"https:\/\/forge-de-laguiole.com\/de\/wp-json\/wp\/v2\/product\/103933"}],"collection":[{"href":"https:\/\/forge-de-laguiole.com\/de\/wp-json\/wp\/v2\/product"}],"about":[{"href":"https:\/\/forge-de-laguiole.com\/de\/wp-json\/wp\/v2\/types\/product"}],"wp:featuredmedia":[{"embeddable":true,"href":"https:\/\/forge-de-laguiole.com\/de\/wp-json\/wp\/v2\/media\/103937"}],"wp:attachment":[{"href":"https:\/\/forge-de-laguiole.com\/de\/wp-json\/wp\/v2\/media?parent=103933"}],"wp:term":[{"taxonomy":"product_cat","embeddable":true,"href":"https:\/\/forge-de-laguiole.com\/de\/wp-json\/wp\/v2\/product_cat?post=103933"},{"taxonomy":"product_tag","embeddable":true,"href":"https:\/\/forge-de-laguiole.com\/de\/wp-json\/wp\/v2\/product_tag?post=103933"}],"curies":[{"name":"wp","href":"https:\/\/api.w.org\/{rel}","templated":true}]}}