{"id":103916,"date":"2026-02-09T09:44:45","date_gmt":"2026-02-09T08:44:46","guid":{"rendered":"https:\/\/forge-de-laguiole.com\/?post_type=product&#038;p=103916"},"modified":"2026-02-09T10:50:29","modified_gmt":"2026-02-09T09:50:29","slug":"masgefertigtes-taschenmesser-mit-schwarzem-horngriff-und-gedrehtem-muster","status":"publish","type":"product","link":"https:\/\/forge-de-laguiole.com\/de\/produit\/couteaux\/pliants\/coutellerie-art\/masgefertigtes-taschenmesser-mit-schwarzem-horngriff-und-gedrehtem-muster\/","title":{"rendered":"Ma\u00dfgefertigtes Taschenmesser mit schwarzem Horngriff und gedrehtem Muster"},"content":{"rendered":"<p data-start=\"1726\" data-end=\"2193\">Die Art Cutlery Kollektion von Forge de Laguiole vereint die seltensten und au\u00dfergew\u00f6hnlichsten St\u00fccke aus unseren historischen Werkst\u00e4tten in Laguiole. Diese au\u00dfergew\u00f6hnlichen Laguiole-Messer, als Unikate gefertigt, verk\u00f6rpern die Exzellenz des Laguiole-Handwerks, das seit 1987 weitergegeben und perfektioniert wird. Wahrhaftige Meisterwerke der feinen Messerkunst, konzipiert f\u00fcr anspruchsvolle Liebhaber und Sammler von hochwertigen Messern.<\/p>\n<p data-start=\"2195\" data-end=\"2769\">St\u00e9phane Rambaud, ein anerkannter Meistermessermacher, wurde 1968 in Lyon geboren. Er absolvierte seine Ausbildung an der renommierten Messerschule von Nogent, wo er 1987 die Goldmedaille als Bester Lehrling Frankreichs erhielt \u2013 ein Symbol franz\u00f6sischer Exzellenz in der Messerkunst.<br data-start=\"2491\" data-end=\"2494\" \/><br \/>\nIm Sommer 2005 trat er der Forge de Laguiole bei, wo er au\u00dfergew\u00f6hnliche Laguiole-Klappmesser entwirft und fertigt \u2013 inspiriert von seiner Kreativit\u00e4t oder nach individuellen Kundenw\u00fcnschen \u2013 stets unter Beachtung der Codes und Traditionen der Laguiole-Messerkunst.<\/p>\n<p data-start=\"2771\" data-end=\"2984\">Jedes Messer der Art Cutlery Kollektion von Forge de Laguiole wird vollst\u00e4ndig von Hand gefertigt, was ein einzigartiges St\u00fcck mit unverwechselbarem Charakter und pr\u00e4zisen Oberfl\u00e4chen garantiert.<\/p>\n<p data-start=\"2986\" data-end=\"3575\">Dieses hochwertige Laguiole-Klappmesser ist ein 12-cm-Einzelst\u00fcck mit einem vollst\u00e4ndig aus schwarzem Horn gefertigten Griff, der zeitlose und dezente Eleganz ausstrahlt. Es zeichnet sich durch eine gedrehte Feder aus, veredelt mit Messingdr\u00e4hten, die harmonisch entlang der Klinge verlaufen.<br data-start=\"3298\" data-end=\"3301\" \/><br \/>\nDie Platinen und die Klinge aus Edelstahl mit polierter Oberfl\u00e4che unterstreichen die raffinierte \u00c4sthetik und die herausragende Qualit\u00e4t dieses Laguiole-Klappmessers, eine perfekte Verbindung von Tradition, meisterhafter Verarbeitung und einzigartigem Design.<\/p>\n","protected":false},"excerpt":{"rendered":"<p>Ma\u00dfgefertigtes Taschenmesser mit schwarzem Horngriff und gedrehtem Muster<\/p>\n","protected":false},"featured_media":103923,"template":"","meta":[],"product_cat":[96,104,135],"product_tag":[],"_links":{"self":[{"href":"https:\/\/forge-de-laguiole.com\/de\/wp-json\/wp\/v2\/product\/103916"}],"collection":[{"href":"https:\/\/forge-de-laguiole.com\/de\/wp-json\/wp\/v2\/product"}],"about":[{"href":"https:\/\/forge-de-laguiole.com\/de\/wp-json\/wp\/v2\/types\/product"}],"wp:featuredmedia":[{"embeddable":true,"href":"https:\/\/forge-de-laguiole.com\/de\/wp-json\/wp\/v2\/media\/103923"}],"wp:attachment":[{"href":"https:\/\/forge-de-laguiole.com\/de\/wp-json\/wp\/v2\/media?parent=103916"}],"wp:term":[{"taxonomy":"product_cat","embeddable":true,"href":"https:\/\/forge-de-laguiole.com\/de\/wp-json\/wp\/v2\/product_cat?post=103916"},{"taxonomy":"product_tag","embeddable":true,"href":"https:\/\/forge-de-laguiole.com\/de\/wp-json\/wp\/v2\/product_tag?post=103916"}],"curies":[{"name":"wp","href":"https:\/\/api.w.org\/{rel}","templated":true}]}}