{"id":103797,"date":"2026-02-06T09:21:38","date_gmt":"2026-02-06T08:21:39","guid":{"rendered":"https:\/\/forge-de-laguiole.com\/?post_type=product&#038;p=103797"},"modified":"2026-04-22T15:14:17","modified_gmt":"2026-04-22T14:14:17","slug":"massgeschneidertes-taschenmesser-aus-perlmutt-mit-vierblaettrigem-kleeblatt","status":"publish","type":"product","link":"https:\/\/forge-de-laguiole.com\/de\/produit\/couteaux\/pliants\/coutellerie-art\/massgeschneidertes-taschenmesser-aus-perlmutt-mit-vierblaettrigem-kleeblatt\/","title":{"rendered":"Massgeschneidertes Taschenmesser, aus Perlmutt mit vierbl\u00e4ttrigem Kleeblatt"},"content":{"rendered":"<p data-start=\"168\" data-end=\"576\">Die Kunstmesser-Kollektion von Forge de Laguiole vereint die seltensten und au\u00dfergew\u00f6hnlichsten St\u00fccke aus unseren Werkst\u00e4tten in Laguiole. Diese au\u00dfergew\u00f6hnlichen Messer, als Unikate gefertigt, b\u00fcndeln das gesamte handwerkliche Know-how, das seit 1987 weitergegeben und stetig verfeinert wird. Wahre Werke der feinen Messerkunst, geschaffen f\u00fcr Liebhaber und Sammler hochwertiger Messer.<\/p>\n<p data-start=\"583\" data-end=\"1161\">St\u00e9phane Rambaud, anerkannter Messermachermeister, wurde 1968 in Lyon geboren. Seine Ausbildung absolvierte er an der renommierten Messerschule von Nogent, wo er 1987 mit der Goldmedaille als Bester Lehrling Frankreichs ausgezeichnet wurde \u2013 ein Sinnbild franz\u00f6sischer Handwerkskunst auf h\u00f6chstem Niveau.<br data-start=\"899\" data-end=\"902\" \/><br \/>\nIm Sommer 2005 trat er in die Forge de Laguiole ein, wo er au\u00dfergew\u00f6hnliche Laguiole-Messer fertigt \u2013 inspiriert von seiner Kreativit\u00e4t oder nach individuellen Kundenw\u00fcnschen, stets im Einklang mit den traditionellen Techniken der Messerschmiedekunst.<\/p>\n<p data-start=\"1168\" data-end=\"1400\">Jedes Messer der Kunstmesser-Kollektion von Forge de Laguiole wird vollst\u00e4ndig von Hand in unseren Werkst\u00e4tten gefertigt und garantiert ein einzigartiges St\u00fcck mit unverwechselbarem Charakter und makelloser Verarbeitung.<\/p>\n<p data-start=\"1407\" data-end=\"1740\">Dieses au\u00dfergew\u00f6hnliche Laguiole-Messer ist ein 11-cm-Modell mit einem Griff aus Perlmutt, einem edlen Material mit feinen, schimmernden Reflexen.<br data-start=\"1565\" data-end=\"1568\" \/><br \/>\nBesonders hervorzuheben ist das kunstvoll gearbeitete vierbl\u00e4ttrige Kleeblatt, das anstelle der traditionellen Biene tritt und als Symbol f\u00fcr Seltenheit und Gl\u00fcck gilt.<\/p>\n<p data-start=\"1742\" data-end=\"2187\">Die satinierten Edelstahlplatinen, kombiniert mit einer blattf\u00f6rmigen Guillochierung, verleihen dem Messer Eleganz und Raffinesse. Die polierte Feder und Klinge unterstreichen die hohe Qualit\u00e4t der Verarbeitung, w\u00e4hrend die satinierte Edelstahlbacke und die Ebenholz-Einlage das Erscheinungsbild dieses hochwertigen Laguiole-Klappmessers vollenden \u2013 eine subtile Verbindung aus Tradition und zeitgen\u00f6ssischer Kreativit\u00e4t.<\/p>\n<p data-start=\"1742\" data-end=\"2187\">Auch erh\u00e4ltlich in der Forge de Laguiole Boutique im Stadtzentrum von Laguiole.<\/p>\n","protected":false},"excerpt":{"rendered":"<p>Massgeschneidertes Taschenmesser, aus Perlmutt mit vierbl\u00e4ttrigem Kleeblatt<\/p>\n","protected":false},"featured_media":103801,"template":"","meta":[],"product_cat":[96,104,135],"product_tag":[],"_links":{"self":[{"href":"https:\/\/forge-de-laguiole.com\/de\/wp-json\/wp\/v2\/product\/103797"}],"collection":[{"href":"https:\/\/forge-de-laguiole.com\/de\/wp-json\/wp\/v2\/product"}],"about":[{"href":"https:\/\/forge-de-laguiole.com\/de\/wp-json\/wp\/v2\/types\/product"}],"wp:featuredmedia":[{"embeddable":true,"href":"https:\/\/forge-de-laguiole.com\/de\/wp-json\/wp\/v2\/media\/103801"}],"wp:attachment":[{"href":"https:\/\/forge-de-laguiole.com\/de\/wp-json\/wp\/v2\/media?parent=103797"}],"wp:term":[{"taxonomy":"product_cat","embeddable":true,"href":"https:\/\/forge-de-laguiole.com\/de\/wp-json\/wp\/v2\/product_cat?post=103797"},{"taxonomy":"product_tag","embeddable":true,"href":"https:\/\/forge-de-laguiole.com\/de\/wp-json\/wp\/v2\/product_tag?post=103797"}],"curies":[{"name":"wp","href":"https:\/\/api.w.org\/{rel}","templated":true}]}}